{"id":666,"date":"2016-05-03T13:34:32","date_gmt":"2016-05-03T12:34:32","guid":{"rendered":"http:\/\/www.quinapa.com\/ca\/?page_id=666"},"modified":"2016-05-03T13:34:51","modified_gmt":"2016-05-03T12:34:51","slug":"polits-automatics-metall","status":"publish","type":"page","link":"https:\/\/www.quinapa.com\/ca\/polits-automatics-metall\/","title":{"rendered":"Polits Autom\u00e0tics"},"content":{"rendered":"[vc_row full_width=&#8221;&#8221; parallax=&#8221;&#8221; parallax_image=&#8221;&#8221;][vc_column width=&#8221;1\/1&#8243;][\/vc_column][\/vc_row][vc_row][vc_column width=&#8221;1\/1&#8243; offset=&#8221;vc_hidden-lg vc_hidden-md vc_hidden-sm vc_hidden-xs&#8221;][vc_empty_space height=&#8221;20px&#8221;][vc_column_text]\n<p style=\"text-align: justify;\">El granallado es el proceso industrial que consiste en propulsar un abrasivo met\u00e1lico esf\u00e9rico o angular a alta presi\u00f3n contra una superficie para:<\/p>\n<ul style=\"text-align: justify;\">\n<li>Fortalecerla eliminando tensiones generadas en la fabricaci\u00f3n (peening)<\/li>\n<li>Limpiarla (eliminando elementos contaminantes de fabricaci\u00f3n)<\/li>\n<li>Dotarla de una rugosidad controlada para facilitar posteriores recubrimientos de pintura, lacas, tefl\u00f3n o vulcanizado.<\/li>\n<\/ul>\n<p style=\"text-align: justify;\">El tipo y tama\u00f1o de abrasivo utilizado determina el aspecto de la superficie final de la pieza. La variedad en abrasivos es amplia pudiendo elegir entre granallas angulares o esf\u00e9ricas de 0,1mm a 0,8 mm de di\u00e1metro y de diversas calidades en aceros e inoxidables pudi\u00e9ndonos adaptar a las especificaciones de nuestros clientes.<\/p>\n[\/vc_column_text][vc_empty_space height=&#8221;10px&#8221;][vc_single_image image=&#8221;515&#8243; alignment=&#8221;center&#8221; border_color=&#8221;grey&#8221; img_link_large=&#8221;&#8221; img_link_target=&#8221;_self&#8221; img_size=&#8221;full&#8221;][vc_empty_space height=&#8221;10px&#8221;][vc_column_text]\n<p style=\"text-align: justify;\">Se utiliza en la fabricaci\u00f3n de piezas met\u00e1licas para la industria del autom\u00f3vil, construcci\u00f3n de maquinaria y bienes de equipo, ferrocarril y aerona\u00fatica.<\/p>\n<p style=\"text-align: justify;\">En <strong>quinapa<\/strong>, para poder adaptarnos a la forma, tama\u00f1o y acabado de las piezas a procesar, disponemos de la siguiente maquinaria:<\/p>\n<ul>\n<li style=\"text-align: justify;\">Tres granalladoras de Tapiz para el granallado de piezas a granel.<\/li>\n<li style=\"text-align: justify;\">Dos granalladoras de Bastidor para el granallado de piezas en est\u00e1tico evitando el contacto entre ellas.<\/li>\n<\/ul>\n[\/vc_column_text][\/vc_column][\/vc_row][vc_row full_width=&#8221;&#8221; parallax=&#8221;&#8221; parallax_image=&#8221;&#8221; el_id=&#8221;&#8221;][vc_column width=&#8221;1\/1&#8243;][vc_empty_space height=&#8221;20px&#8221;][vc_column_text]\n<p><iframe loading=\"lazy\" src=\"https:\/\/www.youtube.com\/embed\/8nV565dlOAM?autoplay=1\" width=\"100%\" height=\"600\" frameborder=\"0\" allowfullscreen=\"allowfullscreen\"><\/iframe><\/p>\n[\/vc_column_text][vc_empty_space height=&#8221;10px&#8221;][\/vc_column][\/vc_row]\n","protected":false},"excerpt":{"rendered":"<p>[vc_row full_width=&#8221;&#8221; parallax=&#8221;&#8221; parallax_image=&#8221;&#8221;][vc_column width=&#8221;1\/1&#8243;][\/vc_column][\/vc_row][vc_row][vc_column width=&#8221;1\/1&#8243; offset=&#8221;vc_hidden-lg vc_hidden-md vc_hidden-sm vc_hidden-xs&#8221;][vc_empty_space height=&#8221;20px&#8221;][vc_column_text] El granallado es el proceso industrial que consiste en propulsar un abrasivo met\u00e1lico esf\u00e9rico o angular a alta presi\u00f3n contra una superficie para: Fortalecerla eliminando tensiones generadas en la fabricaci\u00f3n (peening) Limpiarla (eliminando elementos contaminantes de fabricaci\u00f3n) Dotarla de una rugosidad controlada para facilitar &hellip;<\/p>\n","protected":false},"author":1,"featured_media":0,"parent":0,"menu_order":0,"comment_status":"closed","ping_status":"closed","template":"","meta":{"footnotes":""},"class_list":["post-666","page","type-page","status-publish","hentry"],"yoast_head":"<!-- This site is optimized with the Yoast SEO plugin v26.9 - https:\/\/yoast.com\/product\/yoast-seo-wordpress\/ -->\n<title>Polits Autom\u00e0tics | Quinapa<\/title>\n<meta name=\"description\" content=\"El polit autom\u00e0tic \u00e9s un proc\u00e9s que realitzem amb la nostra maquinaria a Quinapa, deixem un polit excepcional pel vostre producte de qualsevol metall\" \/>\n<meta name=\"robots\" content=\"index, follow, max-snippet:-1, max-image-preview:large, max-video-preview:-1\" \/>\n<link rel=\"canonical\" href=\"https:\/\/www.quinapa.com\/ca\/polits-automatics-metall\/\" \/>\n<meta property=\"og:locale\" content=\"ca_ES\" \/>\n<meta property=\"og:type\" content=\"article\" \/>\n<meta property=\"og:title\" content=\"Polits Autom\u00e0tics | Quinapa\" \/>\n<meta property=\"og:description\" content=\"El polit autom\u00e0tic \u00e9s un proc\u00e9s que realitzem amb la nostra maquinaria a Quinapa, deixem un polit excepcional pel vostre producte de qualsevol metall\" \/>\n<meta property=\"og:url\" content=\"https:\/\/www.quinapa.com\/ca\/polits-automatics-metall\/\" \/>\n<meta property=\"og:site_name\" content=\"Quinapa\" \/>\n<meta property=\"article:modified_time\" content=\"2016-05-03T12:34:51+00:00\" \/>\n<meta name=\"twitter:label1\" content=\"Temps estimat de lectura\" \/>\n\t<meta name=\"twitter:data1\" content=\"2 minuts\" \/>\n<script type=\"application\/ld+json\" class=\"yoast-schema-graph\">{\"@context\":\"https:\/\/schema.org\",\"@graph\":[{\"@type\":\"WebPage\",\"@id\":\"https:\/\/www.quinapa.com\/ca\/polits-automatics-metall\/\",\"url\":\"https:\/\/www.quinapa.com\/ca\/polits-automatics-metall\/\",\"name\":\"Polits Autom\u00e0tics | Quinapa\",\"isPartOf\":{\"@id\":\"https:\/\/www.quinapa.com\/ca\/#website\"},\"datePublished\":\"2016-05-03T12:34:32+00:00\",\"dateModified\":\"2016-05-03T12:34:51+00:00\",\"description\":\"El polit autom\u00e0tic \u00e9s un proc\u00e9s que realitzem amb la nostra maquinaria a Quinapa, deixem un polit excepcional pel vostre producte de qualsevol metall\",\"breadcrumb\":{\"@id\":\"https:\/\/www.quinapa.com\/ca\/polits-automatics-metall\/#breadcrumb\"},\"inLanguage\":\"ca\",\"potentialAction\":[{\"@type\":\"ReadAction\",\"target\":[\"https:\/\/www.quinapa.com\/ca\/polits-automatics-metall\/\"]}]},{\"@type\":\"BreadcrumbList\",\"@id\":\"https:\/\/www.quinapa.com\/ca\/polits-automatics-metall\/#breadcrumb\",\"itemListElement\":[{\"@type\":\"ListItem\",\"position\":1,\"name\":\"Portada\",\"item\":\"https:\/\/www.quinapa.com\/ca\/\"},{\"@type\":\"ListItem\",\"position\":2,\"name\":\"Polits Autom\u00e0tics\"}]},{\"@type\":\"WebSite\",\"@id\":\"https:\/\/www.quinapa.com\/ca\/#website\",\"url\":\"https:\/\/www.quinapa.com\/ca\/\",\"name\":\"Quinapa\",\"description\":\"\",\"potentialAction\":[{\"@type\":\"SearchAction\",\"target\":{\"@type\":\"EntryPoint\",\"urlTemplate\":\"https:\/\/www.quinapa.com\/ca\/?s={search_term_string}\"},\"query-input\":{\"@type\":\"PropertyValueSpecification\",\"valueRequired\":true,\"valueName\":\"search_term_string\"}}],\"inLanguage\":\"ca\"}]}<\/script>\n<!-- \/ Yoast SEO plugin. -->","yoast_head_json":{"title":"Polits Autom\u00e0tics | Quinapa","description":"El polit autom\u00e0tic \u00e9s un proc\u00e9s que realitzem amb la nostra maquinaria a Quinapa, deixem un polit excepcional pel vostre producte de qualsevol metall","robots":{"index":"index","follow":"follow","max-snippet":"max-snippet:-1","max-image-preview":"max-image-preview:large","max-video-preview":"max-video-preview:-1"},"canonical":"https:\/\/www.quinapa.com\/ca\/polits-automatics-metall\/","og_locale":"ca_ES","og_type":"article","og_title":"Polits Autom\u00e0tics | Quinapa","og_description":"El polit autom\u00e0tic \u00e9s un proc\u00e9s que realitzem amb la nostra maquinaria a Quinapa, deixem un polit excepcional pel vostre producte de qualsevol metall","og_url":"https:\/\/www.quinapa.com\/ca\/polits-automatics-metall\/","og_site_name":"Quinapa","article_modified_time":"2016-05-03T12:34:51+00:00","twitter_misc":{"Temps estimat de lectura":"2 minuts"},"schema":{"@context":"https:\/\/schema.org","@graph":[{"@type":"WebPage","@id":"https:\/\/www.quinapa.com\/ca\/polits-automatics-metall\/","url":"https:\/\/www.quinapa.com\/ca\/polits-automatics-metall\/","name":"Polits Autom\u00e0tics | Quinapa","isPartOf":{"@id":"https:\/\/www.quinapa.com\/ca\/#website"},"datePublished":"2016-05-03T12:34:32+00:00","dateModified":"2016-05-03T12:34:51+00:00","description":"El polit autom\u00e0tic \u00e9s un proc\u00e9s que realitzem amb la nostra maquinaria a Quinapa, deixem un polit excepcional pel vostre producte de qualsevol metall","breadcrumb":{"@id":"https:\/\/www.quinapa.com\/ca\/polits-automatics-metall\/#breadcrumb"},"inLanguage":"ca","potentialAction":[{"@type":"ReadAction","target":["https:\/\/www.quinapa.com\/ca\/polits-automatics-metall\/"]}]},{"@type":"BreadcrumbList","@id":"https:\/\/www.quinapa.com\/ca\/polits-automatics-metall\/#breadcrumb","itemListElement":[{"@type":"ListItem","position":1,"name":"Portada","item":"https:\/\/www.quinapa.com\/ca\/"},{"@type":"ListItem","position":2,"name":"Polits Autom\u00e0tics"}]},{"@type":"WebSite","@id":"https:\/\/www.quinapa.com\/ca\/#website","url":"https:\/\/www.quinapa.com\/ca\/","name":"Quinapa","description":"","potentialAction":[{"@type":"SearchAction","target":{"@type":"EntryPoint","urlTemplate":"https:\/\/www.quinapa.com\/ca\/?s={search_term_string}"},"query-input":{"@type":"PropertyValueSpecification","valueRequired":true,"valueName":"search_term_string"}}],"inLanguage":"ca"}]}},"_links":{"self":[{"href":"https:\/\/www.quinapa.com\/ca\/wp-json\/wp\/v2\/pages\/666","targetHints":{"allow":["GET"]}}],"collection":[{"href":"https:\/\/www.quinapa.com\/ca\/wp-json\/wp\/v2\/pages"}],"about":[{"href":"https:\/\/www.quinapa.com\/ca\/wp-json\/wp\/v2\/types\/page"}],"author":[{"embeddable":true,"href":"https:\/\/www.quinapa.com\/ca\/wp-json\/wp\/v2\/users\/1"}],"replies":[{"embeddable":true,"href":"https:\/\/www.quinapa.com\/ca\/wp-json\/wp\/v2\/comments?post=666"}],"version-history":[{"count":1,"href":"https:\/\/www.quinapa.com\/ca\/wp-json\/wp\/v2\/pages\/666\/revisions"}],"predecessor-version":[{"id":667,"href":"https:\/\/www.quinapa.com\/ca\/wp-json\/wp\/v2\/pages\/666\/revisions\/667"}],"wp:attachment":[{"href":"https:\/\/www.quinapa.com\/ca\/wp-json\/wp\/v2\/media?parent=666"}],"curies":[{"name":"wp","href":"https:\/\/api.w.org\/{rel}","templated":true}]}}