{"id":593,"date":"2015-06-22T14:54:06","date_gmt":"2015-06-22T13:54:06","guid":{"rendered":"http:\/\/www.quinapa.com\/ca\/?page_id=593"},"modified":"2015-06-29T16:26:23","modified_gmt":"2015-06-29T15:26:23","slug":"vibrats-i-abrillantats","status":"publish","type":"page","link":"https:\/\/www.quinapa.com\/ca\/vibrats-i-abrillantats\/","title":{"rendered":"Vibrats i abrillantats"},"content":{"rendered":"[vc_row][vc_column width=&#8221;1\/1&#8243;][vc_single_image image=&#8221;528&#8243; alignment=&#8221;center&#8221; border_color=&#8221;grey&#8221; img_link_large=&#8221;&#8221; img_link_target=&#8221;_self&#8221; img_size=&#8221;full&#8221;][vc_empty_space height=&#8221;20px&#8221;][vc_column_text]\n<p style=\"text-align: justify;\">\u00c9s un tipus de tractament de materials per a peces per t\u00e8cniques d&#8217;acabat per vibraci\u00f3, els tractaments m\u00e9s habituals s\u00f3n:<\/p>\n<ul>\n<li style=\"text-align: justify;\">Desbarrat, per a l&#8217;eliminaci\u00f3 de fines rebaves.<\/li>\n<li style=\"text-align: justify;\">Afinat de superf\u00edcies.<\/li>\n<li style=\"text-align: justify;\">Abrillantat de superf\u00edcies.<\/li>\n<li style=\"text-align: justify;\">Tractament.<\/li>\n<li style=\"text-align: justify;\">Arrodoniment de cants vius i arestes.<\/li>\n<\/ul>\n[\/vc_column_text][vc_empty_space height=&#8221;10px&#8221;][\/vc_column][\/vc_row][vc_row full_width=&#8221;&#8221; parallax=&#8221;&#8221; parallax_image=&#8221;&#8221;][vc_column width=&#8221;1\/3&#8243;][vc_single_image image=&#8221;526&#8243; alignment=&#8221;center&#8221; border_color=&#8221;grey&#8221; img_link_large=&#8221;yes&#8221; img_link_target=&#8221;_self&#8221; img_size=&#8221;full&#8221;][\/vc_column][vc_column width=&#8221;1\/3&#8243;][vc_single_image image=&#8221;527&#8243; alignment=&#8221;center&#8221; border_color=&#8221;grey&#8221; img_link_large=&#8221;yes&#8221; img_link_target=&#8221;_self&#8221; img_size=&#8221;full&#8221;][\/vc_column][vc_column width=&#8221;1\/3&#8243;][vc_single_image image=&#8221;525&#8243; alignment=&#8221;center&#8221; border_color=&#8221;grey&#8221; img_link_large=&#8221;yes&#8221; img_link_target=&#8221;_self&#8221; img_size=&#8221;full&#8221;][\/vc_column][\/vc_row][vc_row full_width=&#8221;&#8221; parallax=&#8221;&#8221; parallax_image=&#8221;&#8221;][vc_column width=&#8221;1\/1&#8243;][vc_empty_space height=&#8221;15px&#8221;][vc_column_text]\n<p style=\"text-align: justify;\">Disposem d&#8217;una variada gamma en materials abrasius: Xips de diferents formes i qualitats, abrasius cer\u00e0mics, de porcellana, o b\u00e9 boles o sat\u00e8l\u00b7lits d&#8217;acer inoxidable, que utilitzem sempre en funci\u00f3 del tipus d&#8217;acabat que volem obtenir.<\/p>\n<p style=\"text-align: justify;\">Materials que podem tractar:<\/p>\n<ul style=\"text-align: justify;\">\n<li>Metalls: Acer, Acer Inoxidable, ferro, alumini, Zamak, Llaut\u00f3 i Coure.<\/li>\n<li>Pl\u00e0stics.<\/li>\n<li>Poli\u00e8ster.<\/li>\n<\/ul>\n<p style=\"text-align: justify;\">Disposem de la seg\u00fcent maquin\u00e0ria:<\/p>\n<ul>\n<li style=\"text-align: justify;\">6 vibros de diferents capacitats i tipus d&#8217;abrasius.<\/li>\n<\/ul>\n[\/vc_column_text][\/vc_column][\/vc_row]\n","protected":false},"excerpt":{"rendered":"<p>[vc_row][vc_column width=&#8221;1\/1&#8243;][vc_single_image image=&#8221;528&#8243; alignment=&#8221;center&#8221; border_color=&#8221;grey&#8221; img_link_large=&#8221;&#8221; img_link_target=&#8221;_self&#8221; img_size=&#8221;full&#8221;][vc_empty_space height=&#8221;20px&#8221;][vc_column_text] \u00c9s un tipus de tractament de materials per a peces per t\u00e8cniques d&#8217;acabat per vibraci\u00f3, els tractaments m\u00e9s habituals s\u00f3n: Desbarrat, per a l&#8217;eliminaci\u00f3 de fines rebaves. Afinat de superf\u00edcies. Abrillantat de superf\u00edcies. Tractament. Arrodoniment de cants vius i arestes. [\/vc_column_text][vc_empty_space height=&#8221;10px&#8221;][\/vc_column][\/vc_row][vc_row full_width=&#8221;&#8221; parallax=&#8221;&#8221; parallax_image=&#8221;&#8221;][vc_column width=&#8221;1\/3&#8243;][vc_single_image &hellip;<\/p>\n","protected":false},"author":1,"featured_media":0,"parent":0,"menu_order":0,"comment_status":"closed","ping_status":"closed","template":"","meta":{"footnotes":""},"class_list":["post-593","page","type-page","status-publish","hentry"],"yoast_head":"<!-- This site is optimized with the Yoast SEO plugin v26.9 - https:\/\/yoast.com\/product\/yoast-seo-wordpress\/ -->\n<title>Vibrats i abrillantats d&#039;alumini i altres metalls<\/title>\n<meta name=\"description\" content=\"Quinapa ofereix serveis de vibrats i abrillantats d&#039;alumini i altres metalls, garantint els millors resultats al millor preu.\" \/>\n<meta name=\"robots\" content=\"index, follow, max-snippet:-1, max-image-preview:large, max-video-preview:-1\" \/>\n<link rel=\"canonical\" href=\"https:\/\/www.quinapa.com\/ca\/vibrats-i-abrillantats\/\" \/>\n<meta property=\"og:locale\" content=\"ca_ES\" \/>\n<meta property=\"og:type\" content=\"article\" \/>\n<meta property=\"og:title\" content=\"Vibrats i abrillantats d&#039;alumini i altres metalls\" \/>\n<meta property=\"og:description\" content=\"Quinapa ofereix serveis de vibrats i abrillantats d&#039;alumini i altres metalls, garantint els millors resultats al millor preu.\" \/>\n<meta property=\"og:url\" content=\"https:\/\/www.quinapa.com\/ca\/vibrats-i-abrillantats\/\" \/>\n<meta property=\"og:site_name\" content=\"Quinapa\" \/>\n<meta property=\"article:modified_time\" content=\"2015-06-29T15:26:23+00:00\" \/>\n<meta name=\"twitter:label1\" content=\"Temps estimat de lectura\" \/>\n\t<meta name=\"twitter:data1\" content=\"1 minut\" \/>\n<script type=\"application\/ld+json\" class=\"yoast-schema-graph\">{\"@context\":\"https:\/\/schema.org\",\"@graph\":[{\"@type\":\"WebPage\",\"@id\":\"https:\/\/www.quinapa.com\/ca\/vibrats-i-abrillantats\/\",\"url\":\"https:\/\/www.quinapa.com\/ca\/vibrats-i-abrillantats\/\",\"name\":\"Vibrats i abrillantats d'alumini i altres metalls\",\"isPartOf\":{\"@id\":\"https:\/\/www.quinapa.com\/ca\/#website\"},\"datePublished\":\"2015-06-22T13:54:06+00:00\",\"dateModified\":\"2015-06-29T15:26:23+00:00\",\"description\":\"Quinapa ofereix serveis de vibrats i abrillantats d'alumini i altres metalls, garantint els millors resultats al millor preu.\",\"breadcrumb\":{\"@id\":\"https:\/\/www.quinapa.com\/ca\/vibrats-i-abrillantats\/#breadcrumb\"},\"inLanguage\":\"ca\",\"potentialAction\":[{\"@type\":\"ReadAction\",\"target\":[\"https:\/\/www.quinapa.com\/ca\/vibrats-i-abrillantats\/\"]}]},{\"@type\":\"BreadcrumbList\",\"@id\":\"https:\/\/www.quinapa.com\/ca\/vibrats-i-abrillantats\/#breadcrumb\",\"itemListElement\":[{\"@type\":\"ListItem\",\"position\":1,\"name\":\"Portada\",\"item\":\"https:\/\/www.quinapa.com\/ca\/\"},{\"@type\":\"ListItem\",\"position\":2,\"name\":\"Vibrats i abrillantats\"}]},{\"@type\":\"WebSite\",\"@id\":\"https:\/\/www.quinapa.com\/ca\/#website\",\"url\":\"https:\/\/www.quinapa.com\/ca\/\",\"name\":\"Quinapa\",\"description\":\"\",\"potentialAction\":[{\"@type\":\"SearchAction\",\"target\":{\"@type\":\"EntryPoint\",\"urlTemplate\":\"https:\/\/www.quinapa.com\/ca\/?s={search_term_string}\"},\"query-input\":{\"@type\":\"PropertyValueSpecification\",\"valueRequired\":true,\"valueName\":\"search_term_string\"}}],\"inLanguage\":\"ca\"}]}<\/script>\n<!-- \/ Yoast SEO plugin. -->","yoast_head_json":{"title":"Vibrats i abrillantats d'alumini i altres metalls","description":"Quinapa ofereix serveis de vibrats i abrillantats d'alumini i altres metalls, garantint els millors resultats al millor preu.","robots":{"index":"index","follow":"follow","max-snippet":"max-snippet:-1","max-image-preview":"max-image-preview:large","max-video-preview":"max-video-preview:-1"},"canonical":"https:\/\/www.quinapa.com\/ca\/vibrats-i-abrillantats\/","og_locale":"ca_ES","og_type":"article","og_title":"Vibrats i abrillantats d'alumini i altres metalls","og_description":"Quinapa ofereix serveis de vibrats i abrillantats d'alumini i altres metalls, garantint els millors resultats al millor preu.","og_url":"https:\/\/www.quinapa.com\/ca\/vibrats-i-abrillantats\/","og_site_name":"Quinapa","article_modified_time":"2015-06-29T15:26:23+00:00","twitter_misc":{"Temps estimat de lectura":"1 minut"},"schema":{"@context":"https:\/\/schema.org","@graph":[{"@type":"WebPage","@id":"https:\/\/www.quinapa.com\/ca\/vibrats-i-abrillantats\/","url":"https:\/\/www.quinapa.com\/ca\/vibrats-i-abrillantats\/","name":"Vibrats i abrillantats d'alumini i altres metalls","isPartOf":{"@id":"https:\/\/www.quinapa.com\/ca\/#website"},"datePublished":"2015-06-22T13:54:06+00:00","dateModified":"2015-06-29T15:26:23+00:00","description":"Quinapa ofereix serveis de vibrats i abrillantats d'alumini i altres metalls, garantint els millors resultats al millor preu.","breadcrumb":{"@id":"https:\/\/www.quinapa.com\/ca\/vibrats-i-abrillantats\/#breadcrumb"},"inLanguage":"ca","potentialAction":[{"@type":"ReadAction","target":["https:\/\/www.quinapa.com\/ca\/vibrats-i-abrillantats\/"]}]},{"@type":"BreadcrumbList","@id":"https:\/\/www.quinapa.com\/ca\/vibrats-i-abrillantats\/#breadcrumb","itemListElement":[{"@type":"ListItem","position":1,"name":"Portada","item":"https:\/\/www.quinapa.com\/ca\/"},{"@type":"ListItem","position":2,"name":"Vibrats i abrillantats"}]},{"@type":"WebSite","@id":"https:\/\/www.quinapa.com\/ca\/#website","url":"https:\/\/www.quinapa.com\/ca\/","name":"Quinapa","description":"","potentialAction":[{"@type":"SearchAction","target":{"@type":"EntryPoint","urlTemplate":"https:\/\/www.quinapa.com\/ca\/?s={search_term_string}"},"query-input":{"@type":"PropertyValueSpecification","valueRequired":true,"valueName":"search_term_string"}}],"inLanguage":"ca"}]}},"_links":{"self":[{"href":"https:\/\/www.quinapa.com\/ca\/wp-json\/wp\/v2\/pages\/593","targetHints":{"allow":["GET"]}}],"collection":[{"href":"https:\/\/www.quinapa.com\/ca\/wp-json\/wp\/v2\/pages"}],"about":[{"href":"https:\/\/www.quinapa.com\/ca\/wp-json\/wp\/v2\/types\/page"}],"author":[{"embeddable":true,"href":"https:\/\/www.quinapa.com\/ca\/wp-json\/wp\/v2\/users\/1"}],"replies":[{"embeddable":true,"href":"https:\/\/www.quinapa.com\/ca\/wp-json\/wp\/v2\/comments?post=593"}],"version-history":[{"count":3,"href":"https:\/\/www.quinapa.com\/ca\/wp-json\/wp\/v2\/pages\/593\/revisions"}],"predecessor-version":[{"id":596,"href":"https:\/\/www.quinapa.com\/ca\/wp-json\/wp\/v2\/pages\/593\/revisions\/596"}],"wp:attachment":[{"href":"https:\/\/www.quinapa.com\/ca\/wp-json\/wp\/v2\/media?parent=593"}],"curies":[{"name":"wp","href":"https:\/\/api.w.org\/{rel}","templated":true}]}}