{"id":581,"date":"2015-06-22T14:43:59","date_gmt":"2015-06-22T13:43:59","guid":{"rendered":"http:\/\/www.quinapa.com\/ca\/?page_id=581"},"modified":"2015-09-21T12:08:14","modified_gmt":"2015-09-21T11:08:14","slug":"qui-som","status":"publish","type":"page","link":"https:\/\/www.quinapa.com\/ca\/qui-som\/","title":{"rendered":"Qui som"},"content":{"rendered":"[vc_row full_width=&#8221;&#8221; parallax=&#8221;&#8221; parallax_image=&#8221;&#8221;][vc_column width=&#8221;1\/2&#8243;][vc_single_image image=&#8221;463&#8243; alignment=&#8221;center&#8221; border_color=&#8221;grey&#8221; img_link_large=&#8221;&#8221; img_link_target=&#8221;_self&#8221; img_size=&#8221;full&#8221;][\/vc_column][vc_column width=&#8221;1\/2&#8243;][vc_single_image image=&#8221;464&#8243; alignment=&#8221;center&#8221; border_color=&#8221;grey&#8221; img_link_large=&#8221;&#8221; img_link_target=&#8221;_self&#8221; img_size=&#8221;full&#8221;][\/vc_column][\/vc_row][vc_row][vc_column width=&#8221;1\/1&#8243;][vc_empty_space height=&#8221;20px&#8221;][vc_column_text]\n<p style=\"text-align: justify;\"><strong>Quinapa S.L.<\/strong> \u00e9s una empresa especialitzada en tractaments t\u00e8rmics i acabats superficials mec\u00e0nics en peces industrials d&#8217;alumini.<\/p>\n<p style=\"text-align: justify;\">Certificada amb la norma UNE EN<strong> ISO 9001-2008<\/strong> per Lloyd &#8216;s Register des de l&#8217;any 2002.<\/p>\n<p style=\"text-align: justify;\">Els nostres principals clients pertanyen a les ind\u00fastries d&#8217;automoci\u00f3, motocicleta, construcci\u00f3 de maquin\u00e0ria, mec\u00e0nica industrial, mobiliari, decoraci\u00f3, realitzant tractaments i acabats sobre peces met\u00e0l\u00b7liques de fosa, estampaci\u00f3, forja, decolletatge, embotici\u00f3 i planxisteria.<\/p>\n<p style=\"text-align: justify;\">Complint amb els seus est\u00e0ndards de qualitat, oferim els siquientes serveis:<\/p>\n<ul style=\"text-align: justify;\">\n<li>Serrat de peces met\u00e0l\u00b7liques.<\/li>\n<li>Cintejats i desbarbats.<\/li>\n<li>Polits brillants i setinats.<\/li>\n<li>Arenados i granallats.<\/li>\n<li>Vibrats i abrillantats.<\/li>\n<li>Tractaments t\u00e8rmics.<\/li>\n<li>Verificacions i recuperacions.<\/li>\n<li>Transports per a recollida i lliurament de peces.<\/li>\n<li>Possibilitat de lliurament de peces als seus clients.<\/li>\n<\/ul>\n<p style=\"text-align: justify;\">La filosofia de la nostra empresa, i aix\u00ed la transmetem als nostres clients, \u00e9s la d&#8217;oferir un servei integral en tractaments t\u00e8rmics i acabats mec\u00e0nics superficials, <strong>els nostres clients guanyen en estalvi de costos i rapidesa en terminis de lliurament<\/strong>.<\/p>\n<p style=\"text-align: justify;\">Mitjan\u00e7ant assessorament als nostres clients i <strong>contractes de qualitat concertada<\/strong> ens comprometem a lliurar les peces acabades dels nostres clients als seus.<\/p>\n[\/vc_column_text][\/vc_column][\/vc_row]\n","protected":false},"excerpt":{"rendered":"<p>[vc_row full_width=&#8221;&#8221; parallax=&#8221;&#8221; parallax_image=&#8221;&#8221;][vc_column width=&#8221;1\/2&#8243;][vc_single_image image=&#8221;463&#8243; alignment=&#8221;center&#8221; border_color=&#8221;grey&#8221; img_link_large=&#8221;&#8221; img_link_target=&#8221;_self&#8221; img_size=&#8221;full&#8221;][\/vc_column][vc_column width=&#8221;1\/2&#8243;][vc_single_image image=&#8221;464&#8243; alignment=&#8221;center&#8221; border_color=&#8221;grey&#8221; img_link_large=&#8221;&#8221; img_link_target=&#8221;_self&#8221; img_size=&#8221;full&#8221;][\/vc_column][\/vc_row][vc_row][vc_column width=&#8221;1\/1&#8243;][vc_empty_space height=&#8221;20px&#8221;][vc_column_text] Quinapa S.L. \u00e9s una empresa especialitzada en tractaments t\u00e8rmics i acabats superficials mec\u00e0nics en peces industrials d&#8217;alumini. Certificada amb la norma UNE EN ISO 9001-2008 per Lloyd &#8216;s Register des de l&#8217;any 2002. Els nostres &hellip;<\/p>\n","protected":false},"author":1,"featured_media":0,"parent":0,"menu_order":0,"comment_status":"closed","ping_status":"closed","template":"","meta":{"footnotes":""},"class_list":["post-581","page","type-page","status-publish","hentry"],"yoast_head":"<!-- This site is optimized with the Yoast SEO plugin v26.9 - https:\/\/yoast.com\/product\/yoast-seo-wordpress\/ -->\n<title>Qui som | Quinapa<\/title>\n<meta name=\"robots\" content=\"index, follow, max-snippet:-1, max-image-preview:large, max-video-preview:-1\" \/>\n<link rel=\"canonical\" href=\"https:\/\/www.quinapa.com\/ca\/qui-som\/\" \/>\n<meta property=\"og:locale\" content=\"ca_ES\" \/>\n<meta property=\"og:type\" content=\"article\" \/>\n<meta property=\"og:title\" content=\"Qui som | Quinapa\" \/>\n<meta property=\"og:description\" content=\"[vc_row full_width=&#8221;&#8221; parallax=&#8221;&#8221; parallax_image=&#8221;&#8221;][vc_column width=&#8221;1\/2&#8243;][vc_single_image image=&#8221;463&#8243; alignment=&#8221;center&#8221; border_color=&#8221;grey&#8221; img_link_large=&#8221;&#8221; img_link_target=&#8221;_self&#8221; img_size=&#8221;full&#8221;][\/vc_column][vc_column width=&#8221;1\/2&#8243;][vc_single_image image=&#8221;464&#8243; alignment=&#8221;center&#8221; border_color=&#8221;grey&#8221; img_link_large=&#8221;&#8221; img_link_target=&#8221;_self&#8221; img_size=&#8221;full&#8221;][\/vc_column][\/vc_row][vc_row][vc_column width=&#8221;1\/1&#8243;][vc_empty_space height=&#8221;20px&#8221;][vc_column_text] Quinapa S.L. \u00e9s una empresa especialitzada en tractaments t\u00e8rmics i acabats superficials mec\u00e0nics en peces industrials d&#8217;alumini. Certificada amb la norma UNE EN ISO 9001-2008 per Lloyd &#8216;s Register des de l&#8217;any 2002. Els nostres &hellip;\" \/>\n<meta property=\"og:url\" content=\"https:\/\/www.quinapa.com\/ca\/qui-som\/\" \/>\n<meta property=\"og:site_name\" content=\"Quinapa\" \/>\n<meta property=\"article:modified_time\" content=\"2015-09-21T11:08:14+00:00\" \/>\n<meta name=\"twitter:label1\" content=\"Temps estimat de lectura\" \/>\n\t<meta name=\"twitter:data1\" content=\"1 minut\" \/>\n<script type=\"application\/ld+json\" class=\"yoast-schema-graph\">{\"@context\":\"https:\/\/schema.org\",\"@graph\":[{\"@type\":\"WebPage\",\"@id\":\"https:\/\/www.quinapa.com\/ca\/qui-som\/\",\"url\":\"https:\/\/www.quinapa.com\/ca\/qui-som\/\",\"name\":\"Qui som | Quinapa\",\"isPartOf\":{\"@id\":\"https:\/\/www.quinapa.com\/ca\/#website\"},\"datePublished\":\"2015-06-22T13:43:59+00:00\",\"dateModified\":\"2015-09-21T11:08:14+00:00\",\"breadcrumb\":{\"@id\":\"https:\/\/www.quinapa.com\/ca\/qui-som\/#breadcrumb\"},\"inLanguage\":\"ca\",\"potentialAction\":[{\"@type\":\"ReadAction\",\"target\":[\"https:\/\/www.quinapa.com\/ca\/qui-som\/\"]}]},{\"@type\":\"BreadcrumbList\",\"@id\":\"https:\/\/www.quinapa.com\/ca\/qui-som\/#breadcrumb\",\"itemListElement\":[{\"@type\":\"ListItem\",\"position\":1,\"name\":\"Portada\",\"item\":\"https:\/\/www.quinapa.com\/ca\/\"},{\"@type\":\"ListItem\",\"position\":2,\"name\":\"Qui som\"}]},{\"@type\":\"WebSite\",\"@id\":\"https:\/\/www.quinapa.com\/ca\/#website\",\"url\":\"https:\/\/www.quinapa.com\/ca\/\",\"name\":\"Quinapa\",\"description\":\"\",\"potentialAction\":[{\"@type\":\"SearchAction\",\"target\":{\"@type\":\"EntryPoint\",\"urlTemplate\":\"https:\/\/www.quinapa.com\/ca\/?s={search_term_string}\"},\"query-input\":{\"@type\":\"PropertyValueSpecification\",\"valueRequired\":true,\"valueName\":\"search_term_string\"}}],\"inLanguage\":\"ca\"}]}<\/script>\n<!-- \/ Yoast SEO plugin. -->","yoast_head_json":{"title":"Qui som | Quinapa","robots":{"index":"index","follow":"follow","max-snippet":"max-snippet:-1","max-image-preview":"max-image-preview:large","max-video-preview":"max-video-preview:-1"},"canonical":"https:\/\/www.quinapa.com\/ca\/qui-som\/","og_locale":"ca_ES","og_type":"article","og_title":"Qui som | Quinapa","og_description":"[vc_row full_width=&#8221;&#8221; parallax=&#8221;&#8221; parallax_image=&#8221;&#8221;][vc_column width=&#8221;1\/2&#8243;][vc_single_image image=&#8221;463&#8243; alignment=&#8221;center&#8221; border_color=&#8221;grey&#8221; img_link_large=&#8221;&#8221; img_link_target=&#8221;_self&#8221; img_size=&#8221;full&#8221;][\/vc_column][vc_column width=&#8221;1\/2&#8243;][vc_single_image image=&#8221;464&#8243; alignment=&#8221;center&#8221; border_color=&#8221;grey&#8221; img_link_large=&#8221;&#8221; img_link_target=&#8221;_self&#8221; img_size=&#8221;full&#8221;][\/vc_column][\/vc_row][vc_row][vc_column width=&#8221;1\/1&#8243;][vc_empty_space height=&#8221;20px&#8221;][vc_column_text] Quinapa S.L. \u00e9s una empresa especialitzada en tractaments t\u00e8rmics i acabats superficials mec\u00e0nics en peces industrials d&#8217;alumini. Certificada amb la norma UNE EN ISO 9001-2008 per Lloyd &#8216;s Register des de l&#8217;any 2002. Els nostres &hellip;","og_url":"https:\/\/www.quinapa.com\/ca\/qui-som\/","og_site_name":"Quinapa","article_modified_time":"2015-09-21T11:08:14+00:00","twitter_misc":{"Temps estimat de lectura":"1 minut"},"schema":{"@context":"https:\/\/schema.org","@graph":[{"@type":"WebPage","@id":"https:\/\/www.quinapa.com\/ca\/qui-som\/","url":"https:\/\/www.quinapa.com\/ca\/qui-som\/","name":"Qui som | Quinapa","isPartOf":{"@id":"https:\/\/www.quinapa.com\/ca\/#website"},"datePublished":"2015-06-22T13:43:59+00:00","dateModified":"2015-09-21T11:08:14+00:00","breadcrumb":{"@id":"https:\/\/www.quinapa.com\/ca\/qui-som\/#breadcrumb"},"inLanguage":"ca","potentialAction":[{"@type":"ReadAction","target":["https:\/\/www.quinapa.com\/ca\/qui-som\/"]}]},{"@type":"BreadcrumbList","@id":"https:\/\/www.quinapa.com\/ca\/qui-som\/#breadcrumb","itemListElement":[{"@type":"ListItem","position":1,"name":"Portada","item":"https:\/\/www.quinapa.com\/ca\/"},{"@type":"ListItem","position":2,"name":"Qui som"}]},{"@type":"WebSite","@id":"https:\/\/www.quinapa.com\/ca\/#website","url":"https:\/\/www.quinapa.com\/ca\/","name":"Quinapa","description":"","potentialAction":[{"@type":"SearchAction","target":{"@type":"EntryPoint","urlTemplate":"https:\/\/www.quinapa.com\/ca\/?s={search_term_string}"},"query-input":{"@type":"PropertyValueSpecification","valueRequired":true,"valueName":"search_term_string"}}],"inLanguage":"ca"}]}},"_links":{"self":[{"href":"https:\/\/www.quinapa.com\/ca\/wp-json\/wp\/v2\/pages\/581","targetHints":{"allow":["GET"]}}],"collection":[{"href":"https:\/\/www.quinapa.com\/ca\/wp-json\/wp\/v2\/pages"}],"about":[{"href":"https:\/\/www.quinapa.com\/ca\/wp-json\/wp\/v2\/types\/page"}],"author":[{"embeddable":true,"href":"https:\/\/www.quinapa.com\/ca\/wp-json\/wp\/v2\/users\/1"}],"replies":[{"embeddable":true,"href":"https:\/\/www.quinapa.com\/ca\/wp-json\/wp\/v2\/comments?post=581"}],"version-history":[{"count":5,"href":"https:\/\/www.quinapa.com\/ca\/wp-json\/wp\/v2\/pages\/581\/revisions"}],"predecessor-version":[{"id":649,"href":"https:\/\/www.quinapa.com\/ca\/wp-json\/wp\/v2\/pages\/581\/revisions\/649"}],"wp:attachment":[{"href":"https:\/\/www.quinapa.com\/ca\/wp-json\/wp\/v2\/media?parent=581"}],"curies":[{"name":"wp","href":"https:\/\/api.w.org\/{rel}","templated":true}]}}