{"id":579,"date":"2015-06-22T14:43:26","date_gmt":"2015-06-22T13:43:26","guid":{"rendered":"http:\/\/www.quinapa.com\/ca\/?page_id=579"},"modified":"2015-09-21T12:11:47","modified_gmt":"2015-09-21T11:11:47","slug":"polits-desbarbats-i-tall","status":"publish","type":"page","link":"https:\/\/www.quinapa.com\/ca\/polits-desbarbats-i-tall\/","title":{"rendered":"Polits, desbarbats i tall"},"content":{"rendered":"[vc_row][vc_column width=&#8221;1\/1&#8243;][vc_single_image image=&#8221;520&#8243; alignment=&#8221;center&#8221; border_color=&#8221;grey&#8221; img_link_large=&#8221;&#8221; img_link_target=&#8221;_self&#8221; img_size=&#8221;full&#8221;][vc_empty_space height=&#8221;20px&#8221;][vc_column_text]\n<p style=\"text-align: justify;\">Es tracta de deixar una superf\u00edcie lliure de porus, ratlles o qualsevol tipus de marques originades en la fabricaci\u00f3.<\/p>\n<p style=\"text-align: justify;\">S&#8217;inicia amb una preparaci\u00f3 de la superf\u00edcie del material denominada Desbast gruixut i aix\u00ed successivament disminuint la grand\u00e0ria de gra de l&#8217;abrasiu fins arribar al de menor grand\u00e0ria de gra o Desbastament Fi, a partir d&#8217;aqu\u00ed un cop preparada la superf\u00edcie podem triar entre els diferents tipus de polit.<\/p>\n<p style=\"text-align: justify;\"><strong>Polit Brillant<\/strong> tamb\u00e9 anomenat &#8220;polit mirall&#8221;, on es requereix d&#8217;una superf\u00edcie plana lliure de ratlladures i brillant, es tracta d&#8217;un acabat decoratiu.<\/p>\n<p style=\"text-align: justify;\"><strong>Polit Mate<\/strong>, on es requereix una superf\u00edcie llisa i lliure de qualsevol defecte o rugositat, on posteriorment s&#8217;aplicar\u00e0 un altre tractament de protecci\u00f3 o decoratiu de tipus pintura.<\/p>\n<p style=\"text-align: justify;\"><strong>Polit Setinat<\/strong>, es tracta d&#8217;un tipus d&#8217;acabat uniforme amb dues possibilitats de ratlla: fina o molt fina, es tracta d&#8217;un acabat final decoratiu.<\/p>\n<p style=\"text-align: justify;\">La maquin\u00e0ria de qu\u00e8 disposem a <strong>quinapa<\/strong> s\u00f3n dos polidores de peu per a discos de polit, repolit i setinat i 3 polidores de disc gran per polits i repulidos.<\/p>\n[\/vc_column_text][vc_empty_space height=&#8221;10px&#8221;][\/vc_column][\/vc_row][vc_row full_width=&#8221;&#8221; parallax=&#8221;&#8221; parallax_image=&#8221;&#8221;][vc_column width=&#8221;1\/4&#8243;][vc_single_image image=&#8221;519&#8243; alignment=&#8221;center&#8221; border_color=&#8221;grey&#8221; img_link_large=&#8221;yes&#8221; img_link_target=&#8221;_self&#8221; img_size=&#8221;full&#8221;][\/vc_column][vc_column width=&#8221;1\/4&#8243;][vc_single_image image=&#8221;521&#8243; alignment=&#8221;center&#8221; border_color=&#8221;grey&#8221; img_link_large=&#8221;yes&#8221; img_link_target=&#8221;_self&#8221; img_size=&#8221;full&#8221;][\/vc_column][vc_column width=&#8221;1\/4&#8243;][vc_single_image image=&#8221;522&#8243; alignment=&#8221;center&#8221; border_color=&#8221;grey&#8221; img_link_large=&#8221;yes&#8221; img_link_target=&#8221;_self&#8221; img_size=&#8221;full&#8221;][\/vc_column][vc_column width=&#8221;1\/4&#8243;][vc_single_image image=&#8221;523&#8243; alignment=&#8221;center&#8221; border_color=&#8221;grey&#8221; img_link_large=&#8221;yes&#8221; img_link_target=&#8221;_self&#8221; img_size=&#8221;full&#8221;][\/vc_column][\/vc_row][vc_row full_width=&#8221;&#8221; parallax=&#8221;&#8221; parallax_image=&#8221;&#8221;][vc_column width=&#8221;1\/1&#8243;][vc_column_text]\n<h3 style=\"text-align: justify;\">Polits,\u00a0desbarbats i tall<\/h3>\n<p style=\"text-align: justify;\">Manuals i semiautom\u00e0tics de peces, realitzats despr\u00e9s de la fabricaci\u00f3 de peces de fosa d&#8217;alumini a fi d&#8217;eliminar colades, rebaves i excessos de material de fosa, donant-li a la pe\u00e7a la seva forma definitiva.<\/p>\n<p style=\"text-align: justify;\">Les operacions de fregat es realitzen amb fregadores de peu i bandes de poliment de diferents tipus de suport i rugositat de l&#8217;abrasiu en funci\u00f3 del tipus d&#8217;acabat.<\/p>\n<p style=\"text-align: justify;\">En zones on no arriben les bandes de llimat cal emprar petites eines manuals, de funcionament el\u00e8ctric o pneum\u00e0tic.<\/p>\n<p style=\"text-align: justify;\">Les operacions de tall poden realitzar-se en serres-cinta de funcionament manual o trossejadora semiautom\u00e0tica.<\/p>\n<p style=\"text-align: justify;\">A la secci\u00f3 de cintejats, Desbarbes i Cort, <strong>quinapa<\/strong> disposa de 2 serres-cinta, una trossejadora, 9 fregadores de doble bra\u00e7, bancs de treball, rotalines el\u00e8ctrics i pneum\u00e0tics i tot tipus de llimes i abrasius.<\/p>\n[\/vc_column_text][\/vc_column][\/vc_row]\n","protected":false},"excerpt":{"rendered":"<p>[vc_row][vc_column width=&#8221;1\/1&#8243;][vc_single_image image=&#8221;520&#8243; alignment=&#8221;center&#8221; border_color=&#8221;grey&#8221; img_link_large=&#8221;&#8221; img_link_target=&#8221;_self&#8221; img_size=&#8221;full&#8221;][vc_empty_space height=&#8221;20px&#8221;][vc_column_text] Es tracta de deixar una superf\u00edcie lliure de porus, ratlles o qualsevol tipus de marques originades en la fabricaci\u00f3. S&#8217;inicia amb una preparaci\u00f3 de la superf\u00edcie del material denominada Desbast gruixut i aix\u00ed successivament disminuint la grand\u00e0ria de gra de l&#8217;abrasiu fins arribar al de menor &hellip;<\/p>\n","protected":false},"author":1,"featured_media":0,"parent":0,"menu_order":0,"comment_status":"closed","ping_status":"closed","template":"","meta":{"footnotes":""},"class_list":["post-579","page","type-page","status-publish","hentry"],"yoast_head":"<!-- This site is optimized with the Yoast SEO plugin v26.9 - https:\/\/yoast.com\/product\/yoast-seo-wordpress\/ -->\n<title>Polits, escatats i desbarrats d&#039;alumini i altres metalls<\/title>\n<meta name=\"description\" content=\"Quinapa ofereix serveis de polits, escatats i desbarrats d&#039;alumini i altres metalls, garantint els millors resultats al millor preu.\" \/>\n<meta name=\"robots\" content=\"index, follow, max-snippet:-1, max-image-preview:large, max-video-preview:-1\" \/>\n<link rel=\"canonical\" href=\"https:\/\/www.quinapa.com\/ca\/polits-desbarbats-i-tall\/\" \/>\n<meta property=\"og:locale\" content=\"ca_ES\" \/>\n<meta property=\"og:type\" content=\"article\" \/>\n<meta property=\"og:title\" content=\"Polits, escatats i desbarrats d&#039;alumini i altres metalls\" \/>\n<meta property=\"og:description\" content=\"Quinapa ofereix serveis de polits, escatats i desbarrats d&#039;alumini i altres metalls, garantint els millors resultats al millor preu.\" \/>\n<meta property=\"og:url\" content=\"https:\/\/www.quinapa.com\/ca\/polits-desbarbats-i-tall\/\" \/>\n<meta property=\"og:site_name\" content=\"Quinapa\" \/>\n<meta property=\"article:modified_time\" content=\"2015-09-21T11:11:47+00:00\" \/>\n<meta name=\"twitter:label1\" content=\"Temps estimat de lectura\" \/>\n\t<meta name=\"twitter:data1\" content=\"2 minuts\" \/>\n<script type=\"application\/ld+json\" class=\"yoast-schema-graph\">{\"@context\":\"https:\/\/schema.org\",\"@graph\":[{\"@type\":\"WebPage\",\"@id\":\"https:\/\/www.quinapa.com\/ca\/polits-desbarbats-i-tall\/\",\"url\":\"https:\/\/www.quinapa.com\/ca\/polits-desbarbats-i-tall\/\",\"name\":\"Polits, escatats i desbarrats d'alumini i altres metalls\",\"isPartOf\":{\"@id\":\"https:\/\/www.quinapa.com\/ca\/#website\"},\"datePublished\":\"2015-06-22T13:43:26+00:00\",\"dateModified\":\"2015-09-21T11:11:47+00:00\",\"description\":\"Quinapa ofereix serveis de polits, escatats i desbarrats d'alumini i altres metalls, garantint els millors resultats al millor preu.\",\"breadcrumb\":{\"@id\":\"https:\/\/www.quinapa.com\/ca\/polits-desbarbats-i-tall\/#breadcrumb\"},\"inLanguage\":\"ca\",\"potentialAction\":[{\"@type\":\"ReadAction\",\"target\":[\"https:\/\/www.quinapa.com\/ca\/polits-desbarbats-i-tall\/\"]}]},{\"@type\":\"BreadcrumbList\",\"@id\":\"https:\/\/www.quinapa.com\/ca\/polits-desbarbats-i-tall\/#breadcrumb\",\"itemListElement\":[{\"@type\":\"ListItem\",\"position\":1,\"name\":\"Portada\",\"item\":\"https:\/\/www.quinapa.com\/ca\/\"},{\"@type\":\"ListItem\",\"position\":2,\"name\":\"Polits, desbarbats i tall\"}]},{\"@type\":\"WebSite\",\"@id\":\"https:\/\/www.quinapa.com\/ca\/#website\",\"url\":\"https:\/\/www.quinapa.com\/ca\/\",\"name\":\"Quinapa\",\"description\":\"\",\"potentialAction\":[{\"@type\":\"SearchAction\",\"target\":{\"@type\":\"EntryPoint\",\"urlTemplate\":\"https:\/\/www.quinapa.com\/ca\/?s={search_term_string}\"},\"query-input\":{\"@type\":\"PropertyValueSpecification\",\"valueRequired\":true,\"valueName\":\"search_term_string\"}}],\"inLanguage\":\"ca\"}]}<\/script>\n<!-- \/ Yoast SEO plugin. -->","yoast_head_json":{"title":"Polits, escatats i desbarrats d'alumini i altres metalls","description":"Quinapa ofereix serveis de polits, escatats i desbarrats d'alumini i altres metalls, garantint els millors resultats al millor preu.","robots":{"index":"index","follow":"follow","max-snippet":"max-snippet:-1","max-image-preview":"max-image-preview:large","max-video-preview":"max-video-preview:-1"},"canonical":"https:\/\/www.quinapa.com\/ca\/polits-desbarbats-i-tall\/","og_locale":"ca_ES","og_type":"article","og_title":"Polits, escatats i desbarrats d'alumini i altres metalls","og_description":"Quinapa ofereix serveis de polits, escatats i desbarrats d'alumini i altres metalls, garantint els millors resultats al millor preu.","og_url":"https:\/\/www.quinapa.com\/ca\/polits-desbarbats-i-tall\/","og_site_name":"Quinapa","article_modified_time":"2015-09-21T11:11:47+00:00","twitter_misc":{"Temps estimat de lectura":"2 minuts"},"schema":{"@context":"https:\/\/schema.org","@graph":[{"@type":"WebPage","@id":"https:\/\/www.quinapa.com\/ca\/polits-desbarbats-i-tall\/","url":"https:\/\/www.quinapa.com\/ca\/polits-desbarbats-i-tall\/","name":"Polits, escatats i desbarrats d'alumini i altres metalls","isPartOf":{"@id":"https:\/\/www.quinapa.com\/ca\/#website"},"datePublished":"2015-06-22T13:43:26+00:00","dateModified":"2015-09-21T11:11:47+00:00","description":"Quinapa ofereix serveis de polits, escatats i desbarrats d'alumini i altres metalls, garantint els millors resultats al millor preu.","breadcrumb":{"@id":"https:\/\/www.quinapa.com\/ca\/polits-desbarbats-i-tall\/#breadcrumb"},"inLanguage":"ca","potentialAction":[{"@type":"ReadAction","target":["https:\/\/www.quinapa.com\/ca\/polits-desbarbats-i-tall\/"]}]},{"@type":"BreadcrumbList","@id":"https:\/\/www.quinapa.com\/ca\/polits-desbarbats-i-tall\/#breadcrumb","itemListElement":[{"@type":"ListItem","position":1,"name":"Portada","item":"https:\/\/www.quinapa.com\/ca\/"},{"@type":"ListItem","position":2,"name":"Polits, desbarbats i tall"}]},{"@type":"WebSite","@id":"https:\/\/www.quinapa.com\/ca\/#website","url":"https:\/\/www.quinapa.com\/ca\/","name":"Quinapa","description":"","potentialAction":[{"@type":"SearchAction","target":{"@type":"EntryPoint","urlTemplate":"https:\/\/www.quinapa.com\/ca\/?s={search_term_string}"},"query-input":{"@type":"PropertyValueSpecification","valueRequired":true,"valueName":"search_term_string"}}],"inLanguage":"ca"}]}},"_links":{"self":[{"href":"https:\/\/www.quinapa.com\/ca\/wp-json\/wp\/v2\/pages\/579","targetHints":{"allow":["GET"]}}],"collection":[{"href":"https:\/\/www.quinapa.com\/ca\/wp-json\/wp\/v2\/pages"}],"about":[{"href":"https:\/\/www.quinapa.com\/ca\/wp-json\/wp\/v2\/types\/page"}],"author":[{"embeddable":true,"href":"https:\/\/www.quinapa.com\/ca\/wp-json\/wp\/v2\/users\/1"}],"replies":[{"embeddable":true,"href":"https:\/\/www.quinapa.com\/ca\/wp-json\/wp\/v2\/comments?post=579"}],"version-history":[{"count":4,"href":"https:\/\/www.quinapa.com\/ca\/wp-json\/wp\/v2\/pages\/579\/revisions"}],"predecessor-version":[{"id":652,"href":"https:\/\/www.quinapa.com\/ca\/wp-json\/wp\/v2\/pages\/579\/revisions\/652"}],"wp:attachment":[{"href":"https:\/\/www.quinapa.com\/ca\/wp-json\/wp\/v2\/media?parent=579"}],"curies":[{"name":"wp","href":"https:\/\/api.w.org\/{rel}","templated":true}]}}