{"id":574,"date":"2015-06-22T11:52:24","date_gmt":"2015-06-22T10:52:24","guid":{"rendered":"http:\/\/www.quinapa.com\/ca\/?page_id=574"},"modified":"2015-06-23T10:57:57","modified_gmt":"2015-06-23T09:57:57","slug":"processos-combinats","status":"publish","type":"page","link":"https:\/\/www.quinapa.com\/ca\/processos-combinats\/","title":{"rendered":"Processos combinats"},"content":{"rendered":"[vc_row][vc_column width=&#8221;1\/1&#8243;][vc_column_text]Si per alguna cosa ens diferenciem de la nostra compet\u00e8ncia, \u00e9s per la quantitat de processos que podem realitzar en una mateixa refer\u00e8ncia, sobretot en peces de fosa d&#8217;alumini, a continuaci\u00f3 mostrem diversos exemples:[\/vc_column_text][\/vc_column][\/vc_row][vc_row][vc_column width=&#8221;1\/2&#8243;][vc_column_text]\n<h3 style=\"text-align: center;\">Exemple 1<\/h3>\n[\/vc_column_text][vc_accordion collapsible=&#8221;&#8221; disable_keyboard=&#8221;&#8221;][vc_accordion_tab title=&#8221;Recollida de peces a la f\u00e0brica del nostre client&#8221;][vc_single_image image=&#8221;540&#8243; alignment=&#8221;center&#8221; border_color=&#8221;grey&#8221; img_link_large=&#8221;&#8221; img_link_target=&#8221;_self&#8221; img_size=&#8221;full&#8221;][\/vc_accordion_tab][vc_accordion_tab title=&#8221;Transport fins a Quinapa&#8221;][vc_single_image image=&#8221;442&#8243; alignment=&#8221;center&#8221; border_color=&#8221;grey&#8221; img_link_large=&#8221;&#8221; img_link_target=&#8221;_self&#8221; img_size=&#8221;full&#8221;][\/vc_accordion_tab][vc_accordion_tab title=&#8221;Estat de la pe\u00e7a de fosa&#8221;][vc_single_image image=&#8221;359&#8243; border_color=&#8221;grey&#8221; img_link_large=&#8221;yes&#8221; img_link_target=&#8221;_self&#8221; img_size=&#8221;full&#8221;][\/vc_accordion_tab][vc_accordion_tab title=&#8221;Desbast de colades i rebaves: polit bast&#8221;][vc_single_image image=&#8221;358&#8243; border_color=&#8221;grey&#8221; img_link_large=&#8221;&#8221; img_link_target=&#8221;_self&#8221; img_size=&#8221;full&#8221;][\/vc_accordion_tab][vc_accordion_tab title=&#8221;Afinat de colades i rebaves: polit fi&#8221;][vc_single_image image=&#8221;356&#8243; border_color=&#8221;grey&#8221; img_link_large=&#8221;&#8221; img_link_target=&#8221;_self&#8221; img_size=&#8221;full&#8221;][\/vc_accordion_tab][vc_accordion_tab title=&#8221;Polit setinat&#8221;][vc_single_image image=&#8221;357&#8243; border_color=&#8221;grey&#8221; img_link_large=&#8221;&#8221; img_link_target=&#8221;_self&#8221; img_size=&#8221;full&#8221;][\/vc_accordion_tab][vc_accordion_tab title=&#8221;Polit brillant&#8221;][vc_single_image image=&#8221;355&#8243; border_color=&#8221;grey&#8221; img_link_large=&#8221;&#8221; img_link_target=&#8221;_self&#8221; img_size=&#8221;full&#8221;][\/vc_accordion_tab][vc_accordion_tab title=&#8221;Neteja, verificaci\u00f3 i embalatge unitari&#8221;][vc_single_image image=&#8221;437&#8243; alignment=&#8221;center&#8221; border_color=&#8221;grey&#8221; img_link_large=&#8221;&#8221; img_link_target=&#8221;_self&#8221; img_size=&#8221;full&#8221;][\/vc_accordion_tab][vc_accordion_tab title=&#8221;Enviament al nostre client&#8221;][vc_single_image image=&#8221;540&#8243; alignment=&#8221;center&#8221; border_color=&#8221;grey&#8221; img_link_large=&#8221;&#8221; img_link_target=&#8221;_self&#8221; img_size=&#8221;full&#8221;][\/vc_accordion_tab][\/vc_accordion][\/vc_column][vc_column width=&#8221;1\/2&#8243;][vc_column_text]\n<h3 style=\"text-align: center;\">Exemple\u00a02<\/h3>\n[\/vc_column_text][vc_accordion collapsible=&#8221;&#8221; disable_keyboard=&#8221;&#8221;][vc_accordion_tab title=&#8221;Recollida de peces a la f\u00e0brica del nostre client&#8221;][vc_single_image image=&#8221;540&#8243; alignment=&#8221;center&#8221; border_color=&#8221;grey&#8221; img_link_large=&#8221;&#8221; img_link_target=&#8221;_self&#8221; img_size=&#8221;full&#8221;][\/vc_accordion_tab][vc_accordion_tab title=&#8221;Transport fins a Quinapa&#8221;][vc_single_image image=&#8221;442&#8243; alignment=&#8221;center&#8221; border_color=&#8221;grey&#8221; img_link_large=&#8221;&#8221; img_link_target=&#8221;_self&#8221; img_size=&#8221;full&#8221;][\/vc_accordion_tab][vc_accordion_tab title=&#8221;Estat de la pe\u00e7a de corbat i soldadura&#8221;][vc_single_image image=&#8221;361&#8243; border_color=&#8221;grey&#8221; img_link_large=&#8221;&#8221; img_link_target=&#8221;_self&#8221; img_size=&#8221;full&#8221;][\/vc_accordion_tab][vc_accordion_tab title=&#8221;Decapat&#8221;][vc_single_image image=&#8221;436&#8243; alignment=&#8221;center&#8221; border_color=&#8221;grey&#8221; img_link_large=&#8221;&#8221; img_link_target=&#8221;_self&#8221; img_size=&#8221;full&#8221;][\/vc_accordion_tab][vc_accordion_tab title=&#8221;Satinat per a neteja de soldadures&#8221;][vc_single_image image=&#8221;362&#8243; border_color=&#8221;grey&#8221; img_link_large=&#8221;&#8221; img_link_target=&#8221;_self&#8221; img_size=&#8221;full&#8221;][\/vc_accordion_tab][vc_accordion_tab title=&#8221;Polit brillant&#8221;][vc_single_image image=&#8221;363&#8243; border_color=&#8221;grey&#8221; img_link_large=&#8221;&#8221; img_link_target=&#8221;_self&#8221; img_size=&#8221;full&#8221;][\/vc_accordion_tab][vc_accordion_tab title=&#8221;Neteja, verificaci\u00f3 i embalatge unitari&#8221;][vc_single_image image=&#8221;439&#8243; alignment=&#8221;center&#8221; border_color=&#8221;grey&#8221; img_link_large=&#8221;&#8221; img_link_target=&#8221;_self&#8221; img_size=&#8221;full&#8221;][\/vc_accordion_tab][vc_accordion_tab title=&#8221;Enviament al nostre client&#8221;][vc_single_image image=&#8221;540&#8243; alignment=&#8221;center&#8221; border_color=&#8221;grey&#8221; img_link_large=&#8221;&#8221; img_link_target=&#8221;_self&#8221; img_size=&#8221;full&#8221;][\/vc_accordion_tab][\/vc_accordion][\/vc_column][\/vc_row][vc_row][vc_column width=&#8221;1\/2&#8243;][vc_column_text]\n<h3 style=\"text-align: center;\">Exemple\u00a03<\/h3>\n[\/vc_column_text][vc_accordion collapsible=&#8221;&#8221; disable_keyboard=&#8221;&#8221;][vc_accordion_tab title=&#8221;Recollida de peces a la f\u00e0brica del nostre client&#8221;][vc_single_image image=&#8221;540&#8243; alignment=&#8221;center&#8221; border_color=&#8221;grey&#8221; img_link_large=&#8221;&#8221; img_link_target=&#8221;_self&#8221; img_size=&#8221;full&#8221;][\/vc_accordion_tab][vc_accordion_tab title=&#8221;Transport fins a Quinapa&#8221;][vc_single_image image=&#8221;442&#8243; alignment=&#8221;center&#8221; border_color=&#8221;grey&#8221; img_link_large=&#8221;&#8221; img_link_target=&#8221;_self&#8221; img_size=&#8221;full&#8221;][\/vc_accordion_tab][vc_accordion_tab title=&#8221;Estat de la pe\u00e7a de fosa injectada&#8221;][vc_single_image image=&#8221;366&#8243; border_color=&#8221;grey&#8221; img_link_large=&#8221;yes&#8221; img_link_target=&#8221;_self&#8221; img_size=&#8221;full&#8221;][\/vc_accordion_tab][vc_accordion_tab title=&#8221;Tall de colades&#8221;][vc_single_image image=&#8221;367&#8243; border_color=&#8221;grey&#8221; img_link_large=&#8221;&#8221; img_link_target=&#8221;_self&#8221; img_size=&#8221;full&#8221;][\/vc_accordion_tab][vc_accordion_tab title=&#8221;Polit del contorn: polit fi&#8221;][vc_single_image image=&#8221;368&#8243; border_color=&#8221;grey&#8221; img_link_large=&#8221;&#8221; img_link_target=&#8221;_self&#8221; img_size=&#8221;full&#8221;][\/vc_accordion_tab][vc_accordion_tab title=&#8221;Eliminaci\u00f3 de rebaves interiors&#8221;][vc_single_image image=&#8221;369&#8243; border_color=&#8221;grey&#8221; img_link_large=&#8221;&#8221; img_link_target=&#8221;_self&#8221; img_size=&#8221;full&#8221;][\/vc_accordion_tab][vc_accordion_tab title=&#8221;Granallat esf\u00e8ric 0&#8217;2&#8243;][vc_single_image image=&#8221;370&#8243; border_color=&#8221;grey&#8221; img_link_large=&#8221;&#8221; img_link_target=&#8221;_self&#8221; img_size=&#8221;full&#8221;][\/vc_accordion_tab][vc_accordion_tab title=&#8221;Verificaci\u00f3 i embalatge unitari&#8221;][vc_single_image image=&#8221;438&#8243; alignment=&#8221;center&#8221; border_color=&#8221;grey&#8221; img_link_large=&#8221;&#8221; img_link_target=&#8221;_self&#8221; img_size=&#8221;full&#8221;][\/vc_accordion_tab][vc_accordion_tab title=&#8221;Enviament al nostre client&#8221;][vc_single_image image=&#8221;540&#8243; alignment=&#8221;center&#8221; border_color=&#8221;grey&#8221; img_link_large=&#8221;&#8221; img_link_target=&#8221;_self&#8221; img_size=&#8221;full&#8221;][\/vc_accordion_tab][\/vc_accordion][\/vc_column][vc_column width=&#8221;1\/2&#8243;][vc_column_text]\n<h3 style=\"text-align: center;\">Exemple\u00a04<\/h3>\n[\/vc_column_text][vc_accordion collapsible=&#8221;&#8221; disable_keyboard=&#8221;&#8221;][vc_accordion_tab title=&#8221;Recollida de peces a la f\u00e0brica del nostre client&#8221;][vc_single_image image=&#8221;540&#8243; alignment=&#8221;center&#8221; border_color=&#8221;grey&#8221; img_link_large=&#8221;&#8221; img_link_target=&#8221;_self&#8221; img_size=&#8221;full&#8221;][\/vc_accordion_tab][vc_accordion_tab title=&#8221;Transport fins a Quinapa&#8221;][vc_single_image image=&#8221;442&#8243; alignment=&#8221;center&#8221; border_color=&#8221;grey&#8221; img_link_large=&#8221;&#8221; img_link_target=&#8221;_self&#8221; img_size=&#8221;full&#8221;][\/vc_accordion_tab][vc_accordion_tab title=&#8221;Estat de la pe\u00e7a de fosa&#8221;][vc_single_image image=&#8221;373&#8243; border_color=&#8221;grey&#8221; img_link_large=&#8221;&#8221; img_link_target=&#8221;_self&#8221; img_size=&#8221;full&#8221;][\/vc_accordion_tab][vc_accordion_tab title=&#8221;Polit de colades: polit mitj\u00e0&#8221;][vc_single_image image=&#8221;374&#8243; border_color=&#8221;grey&#8221; img_link_large=&#8221;&#8221; img_link_target=&#8221;_self&#8221; img_size=&#8221;full&#8221;][\/vc_accordion_tab][vc_accordion_tab title=&#8221;Tractament t\u00e8rmic T6&#8243;][vc_single_image image=&#8221;375&#8243; border_color=&#8221;grey&#8221; img_link_large=&#8221;&#8221; img_link_target=&#8221;_self&#8221; img_size=&#8221;full&#8221;][\/vc_accordion_tab][vc_accordion_tab title=&#8221;Granallat esf\u00e8ric 0&#8217;4&#8243;][vc_single_image image=&#8221;376&#8243; border_color=&#8221;grey&#8221; img_link_large=&#8221;&#8221; img_link_target=&#8221;_self&#8221; img_size=&#8221;full&#8221;][\/vc_accordion_tab][vc_accordion_tab title=&#8221;Verificaci\u00f3 i recuperaci\u00f3 de porus i marques&#8221;][vc_single_image image=&#8221;441&#8243; alignment=&#8221;center&#8221; border_color=&#8221;grey&#8221; img_link_large=&#8221;&#8221; img_link_target=&#8221;_self&#8221; img_size=&#8221;full&#8221;][\/vc_accordion_tab][vc_accordion_tab title=&#8221;Embalatge unitari&#8221;][vc_single_image image=&#8221;440&#8243; alignment=&#8221;center&#8221; border_color=&#8221;grey&#8221; img_link_large=&#8221;&#8221; img_link_target=&#8221;_self&#8221; img_size=&#8221;full&#8221;][\/vc_accordion_tab][vc_accordion_tab title=&#8221;Enviament al nostre client&#8221;][vc_single_image image=&#8221;540&#8243; alignment=&#8221;center&#8221; border_color=&#8221;grey&#8221; img_link_large=&#8221;&#8221; img_link_target=&#8221;_self&#8221; img_size=&#8221;full&#8221;][\/vc_accordion_tab][\/vc_accordion][\/vc_column][\/vc_row][vc_row][vc_column width=&#8221;1\/1&#8243;][vc_column_text]\n<p style=\"text-align: justify;\">Els avantatges principals per al nostre client s\u00f3n econ\u00f2miques, sobretot en els transports realitzats quan hi ha diversos prove\u00efdors, tamb\u00e9 de temps ja que aquest disminueix entre la fabricaci\u00f3 d&#8217;una pe\u00e7a i el seu lliurament, permetent als nostres clients una millor planificaci\u00f3 de les seves activitats.<\/p>\n<p style=\"text-align: justify;\">El tercer avantatge \u00e9s la disminuci\u00f3 de manipulacions, \u00e9s a dir la quantitat de vegades que una pe\u00e7a va d&#8217;un lloc de treball a contenidor quan passa per diversos prove\u00efdors. A\u00a0<strong>Quinapa<\/strong> utilitzem contenidors interfase amb rodes entre els diferents processos realitzats a les nostres instal\u00b7lacions.<\/p>\n[\/vc_column_text][\/vc_column][\/vc_row]\n","protected":false},"excerpt":{"rendered":"<p>[vc_row][vc_column width=&#8221;1\/1&#8243;][vc_column_text]Si per alguna cosa ens diferenciem de la nostra compet\u00e8ncia, \u00e9s per la quantitat de processos que podem realitzar en una mateixa refer\u00e8ncia, sobretot en peces de fosa d&#8217;alumini, a continuaci\u00f3 mostrem diversos exemples:[\/vc_column_text][\/vc_column][\/vc_row][vc_row][vc_column width=&#8221;1\/2&#8243;][vc_column_text] Exemple 1 [\/vc_column_text][vc_accordion collapsible=&#8221;&#8221; disable_keyboard=&#8221;&#8221;][vc_accordion_tab title=&#8221;Recollida de peces a la f\u00e0brica del nostre client&#8221;][vc_single_image image=&#8221;540&#8243; alignment=&#8221;center&#8221; border_color=&#8221;grey&#8221; img_link_large=&#8221;&#8221; img_link_target=&#8221;_self&#8221; &hellip;<\/p>\n","protected":false},"author":1,"featured_media":0,"parent":0,"menu_order":0,"comment_status":"closed","ping_status":"closed","template":"","meta":{"footnotes":""},"class_list":["post-574","page","type-page","status-publish","hentry"],"yoast_head":"<!-- This site is optimized with the Yoast SEO plugin v26.9 - https:\/\/yoast.com\/product\/yoast-seo-wordpress\/ -->\n<title>Processos combinats | Quinapa<\/title>\n<meta name=\"robots\" content=\"index, follow, max-snippet:-1, max-image-preview:large, max-video-preview:-1\" \/>\n<link rel=\"canonical\" href=\"https:\/\/www.quinapa.com\/ca\/processos-combinats\/\" \/>\n<meta property=\"og:locale\" content=\"ca_ES\" \/>\n<meta property=\"og:type\" content=\"article\" \/>\n<meta property=\"og:title\" content=\"Processos combinats | Quinapa\" \/>\n<meta property=\"og:description\" content=\"[vc_row][vc_column width=&#8221;1\/1&#8243;][vc_column_text]Si per alguna cosa ens diferenciem de la nostra compet\u00e8ncia, \u00e9s per la quantitat de processos que podem realitzar en una mateixa refer\u00e8ncia, sobretot en peces de fosa d&#8217;alumini, a continuaci\u00f3 mostrem diversos exemples:[\/vc_column_text][\/vc_column][\/vc_row][vc_row][vc_column width=&#8221;1\/2&#8243;][vc_column_text] Exemple 1 [\/vc_column_text][vc_accordion collapsible=&#8221;&#8221; disable_keyboard=&#8221;&#8221;][vc_accordion_tab title=&#8221;Recollida de peces a la f\u00e0brica del nostre client&#8221;][vc_single_image image=&#8221;540&#8243; alignment=&#8221;center&#8221; border_color=&#8221;grey&#8221; img_link_large=&#8221;&#8221; img_link_target=&#8221;_self&#8221; &hellip;\" \/>\n<meta property=\"og:url\" content=\"https:\/\/www.quinapa.com\/ca\/processos-combinats\/\" \/>\n<meta property=\"og:site_name\" content=\"Quinapa\" \/>\n<meta property=\"article:modified_time\" content=\"2015-06-23T09:57:57+00:00\" \/>\n<meta name=\"twitter:label1\" content=\"Temps estimat de lectura\" \/>\n\t<meta name=\"twitter:data1\" content=\"7 minuts\" \/>\n<script type=\"application\/ld+json\" class=\"yoast-schema-graph\">{\"@context\":\"https:\/\/schema.org\",\"@graph\":[{\"@type\":\"WebPage\",\"@id\":\"https:\/\/www.quinapa.com\/ca\/processos-combinats\/\",\"url\":\"https:\/\/www.quinapa.com\/ca\/processos-combinats\/\",\"name\":\"Processos combinats | Quinapa\",\"isPartOf\":{\"@id\":\"https:\/\/www.quinapa.com\/ca\/#website\"},\"datePublished\":\"2015-06-22T10:52:24+00:00\",\"dateModified\":\"2015-06-23T09:57:57+00:00\",\"breadcrumb\":{\"@id\":\"https:\/\/www.quinapa.com\/ca\/processos-combinats\/#breadcrumb\"},\"inLanguage\":\"ca\",\"potentialAction\":[{\"@type\":\"ReadAction\",\"target\":[\"https:\/\/www.quinapa.com\/ca\/processos-combinats\/\"]}]},{\"@type\":\"BreadcrumbList\",\"@id\":\"https:\/\/www.quinapa.com\/ca\/processos-combinats\/#breadcrumb\",\"itemListElement\":[{\"@type\":\"ListItem\",\"position\":1,\"name\":\"Portada\",\"item\":\"https:\/\/www.quinapa.com\/ca\/\"},{\"@type\":\"ListItem\",\"position\":2,\"name\":\"Processos combinats\"}]},{\"@type\":\"WebSite\",\"@id\":\"https:\/\/www.quinapa.com\/ca\/#website\",\"url\":\"https:\/\/www.quinapa.com\/ca\/\",\"name\":\"Quinapa\",\"description\":\"\",\"potentialAction\":[{\"@type\":\"SearchAction\",\"target\":{\"@type\":\"EntryPoint\",\"urlTemplate\":\"https:\/\/www.quinapa.com\/ca\/?s={search_term_string}\"},\"query-input\":{\"@type\":\"PropertyValueSpecification\",\"valueRequired\":true,\"valueName\":\"search_term_string\"}}],\"inLanguage\":\"ca\"}]}<\/script>\n<!-- \/ Yoast SEO plugin. -->","yoast_head_json":{"title":"Processos combinats | Quinapa","robots":{"index":"index","follow":"follow","max-snippet":"max-snippet:-1","max-image-preview":"max-image-preview:large","max-video-preview":"max-video-preview:-1"},"canonical":"https:\/\/www.quinapa.com\/ca\/processos-combinats\/","og_locale":"ca_ES","og_type":"article","og_title":"Processos combinats | Quinapa","og_description":"[vc_row][vc_column width=&#8221;1\/1&#8243;][vc_column_text]Si per alguna cosa ens diferenciem de la nostra compet\u00e8ncia, \u00e9s per la quantitat de processos que podem realitzar en una mateixa refer\u00e8ncia, sobretot en peces de fosa d&#8217;alumini, a continuaci\u00f3 mostrem diversos exemples:[\/vc_column_text][\/vc_column][\/vc_row][vc_row][vc_column width=&#8221;1\/2&#8243;][vc_column_text] Exemple 1 [\/vc_column_text][vc_accordion collapsible=&#8221;&#8221; disable_keyboard=&#8221;&#8221;][vc_accordion_tab title=&#8221;Recollida de peces a la f\u00e0brica del nostre client&#8221;][vc_single_image image=&#8221;540&#8243; alignment=&#8221;center&#8221; border_color=&#8221;grey&#8221; img_link_large=&#8221;&#8221; img_link_target=&#8221;_self&#8221; &hellip;","og_url":"https:\/\/www.quinapa.com\/ca\/processos-combinats\/","og_site_name":"Quinapa","article_modified_time":"2015-06-23T09:57:57+00:00","twitter_misc":{"Temps estimat de lectura":"7 minuts"},"schema":{"@context":"https:\/\/schema.org","@graph":[{"@type":"WebPage","@id":"https:\/\/www.quinapa.com\/ca\/processos-combinats\/","url":"https:\/\/www.quinapa.com\/ca\/processos-combinats\/","name":"Processos combinats | Quinapa","isPartOf":{"@id":"https:\/\/www.quinapa.com\/ca\/#website"},"datePublished":"2015-06-22T10:52:24+00:00","dateModified":"2015-06-23T09:57:57+00:00","breadcrumb":{"@id":"https:\/\/www.quinapa.com\/ca\/processos-combinats\/#breadcrumb"},"inLanguage":"ca","potentialAction":[{"@type":"ReadAction","target":["https:\/\/www.quinapa.com\/ca\/processos-combinats\/"]}]},{"@type":"BreadcrumbList","@id":"https:\/\/www.quinapa.com\/ca\/processos-combinats\/#breadcrumb","itemListElement":[{"@type":"ListItem","position":1,"name":"Portada","item":"https:\/\/www.quinapa.com\/ca\/"},{"@type":"ListItem","position":2,"name":"Processos combinats"}]},{"@type":"WebSite","@id":"https:\/\/www.quinapa.com\/ca\/#website","url":"https:\/\/www.quinapa.com\/ca\/","name":"Quinapa","description":"","potentialAction":[{"@type":"SearchAction","target":{"@type":"EntryPoint","urlTemplate":"https:\/\/www.quinapa.com\/ca\/?s={search_term_string}"},"query-input":{"@type":"PropertyValueSpecification","valueRequired":true,"valueName":"search_term_string"}}],"inLanguage":"ca"}]}},"_links":{"self":[{"href":"https:\/\/www.quinapa.com\/ca\/wp-json\/wp\/v2\/pages\/574","targetHints":{"allow":["GET"]}}],"collection":[{"href":"https:\/\/www.quinapa.com\/ca\/wp-json\/wp\/v2\/pages"}],"about":[{"href":"https:\/\/www.quinapa.com\/ca\/wp-json\/wp\/v2\/types\/page"}],"author":[{"embeddable":true,"href":"https:\/\/www.quinapa.com\/ca\/wp-json\/wp\/v2\/users\/1"}],"replies":[{"embeddable":true,"href":"https:\/\/www.quinapa.com\/ca\/wp-json\/wp\/v2\/comments?post=574"}],"version-history":[{"count":6,"href":"https:\/\/www.quinapa.com\/ca\/wp-json\/wp\/v2\/pages\/574\/revisions"}],"predecessor-version":[{"id":622,"href":"https:\/\/www.quinapa.com\/ca\/wp-json\/wp\/v2\/pages\/574\/revisions\/622"}],"wp:attachment":[{"href":"https:\/\/www.quinapa.com\/ca\/wp-json\/wp\/v2\/media?parent=574"}],"curies":[{"name":"wp","href":"https:\/\/api.w.org\/{rel}","templated":true}]}}