{"id":569,"date":"2015-06-22T11:37:34","date_gmt":"2015-06-22T10:37:34","guid":{"rendered":"http:\/\/www.quinapa.com\/ca\/?page_id=569"},"modified":"2015-09-21T12:09:02","modified_gmt":"2015-09-21T11:09:02","slug":"historia","status":"publish","type":"page","link":"https:\/\/www.quinapa.com\/ca\/historia\/","title":{"rendered":"Hist\u00f2ria"},"content":{"rendered":"[vc_row][vc_column width=&#8221;1\/1&#8243;][vc_single_image image=&#8221;475&#8243; alignment=&#8221;center&#8221; border_color=&#8221;grey&#8221; img_link_large=&#8221;&#8221; img_link_target=&#8221;_self&#8221; img_size=&#8221;full&#8221;][vc_empty_space height=&#8221;20px&#8221;][vc_column_text]\n<p style=\"text-align: justify;\">Empresa familiar <strong>fundada l&#8217;any 1997<\/strong> en un local de 80m2 i comptant com maquin\u00e0ria amb nom\u00e9s una polidora i un banc de treball, amb la intenci\u00f3 de processar els excedents de producci\u00f3 d&#8217;una fosa de gravetat a la localitat de Cerdanyola.<\/p>\n<p style=\"text-align: justify;\">L&#8217;\u00fanica activitat realitzada era el polit i verificaci\u00f3 de peces per a motocicleta.<\/p>\n<p style=\"text-align: justify;\">Despr\u00e9s d&#8217;una baixada de producci\u00f3 del nostre \u00fanic client, i amb el ferm prop\u00f2sit de donar continu\u00eftat al nostre projecte, vam donar a con\u00e8ixer la nostra empresa a potencials clients (foses i fabricants).<\/p>\n<p style=\"text-align: justify;\">L&#8217;acceptaci\u00f3 va ser tal que <strong>fins al present no hem fet altra cosa que ampliar les nostres instal\u00b7lacions i serveis oferts<\/strong>, passant de 80m2 a 150m2 en 1999 (secci\u00f3 de escatats i polits), 150m2 a 270m2 a 2003 (afegint m\u00e0quines de granallatge), de 270 m2 a 750 m2 al 2006 (sumant sis m\u00e0quines de vibrats i abrillantats).<\/p>\n<p style=\"text-align: justify;\">Fins a finals de 2008 les nostres instal\u00b7lacions eren al mateix pol\u00edgon d&#8217;inici en Cerdanyola del Vall\u00e8s, per\u00f2 <strong>a principis de 2009 ens vam traslladar a Barber\u00e0 del Vall\u00e8s<\/strong>\u00a0donan-li una altra dimensi\u00f3 a la nostra empresa, que fins ara estava especialitzada nom\u00e9s en tractaments i acabats superficials mec\u00e0nics i que ara passa a m\u00e9s a realitzar tractaments t\u00e8rmics en peces fabricades per fosa i estampaci\u00f3 i el serrat de peces d&#8217;alumini.<\/p>\n<p style=\"text-align: justify;\">Ara comptem amb 1.100m2 i <strong>la cont\u00ednua ampliaci\u00f3 de les nostres instal\u00b7lacions i serveis no s\u00f3n m\u00e9s que el reflex de les necessitats que ens han transm\u00e8s els nostres clients<\/strong> al llarg de la hist\u00f2ria de l&#8217;empresa i el comprom\u00eds de la direcci\u00f3 de l&#8217;empresa per mantenir el lideratge en la quantitat i la qualitat dels serveis oferts.<\/p>\n[\/vc_column_text][\/vc_column][\/vc_row]\n","protected":false},"excerpt":{"rendered":"<p>[vc_row][vc_column width=&#8221;1\/1&#8243;][vc_single_image image=&#8221;475&#8243; alignment=&#8221;center&#8221; border_color=&#8221;grey&#8221; img_link_large=&#8221;&#8221; img_link_target=&#8221;_self&#8221; img_size=&#8221;full&#8221;][vc_empty_space height=&#8221;20px&#8221;][vc_column_text] Empresa familiar fundada l&#8217;any 1997 en un local de 80m2 i comptant com maquin\u00e0ria amb nom\u00e9s una polidora i un banc de treball, amb la intenci\u00f3 de processar els excedents de producci\u00f3 d&#8217;una fosa de gravetat a la localitat de Cerdanyola. L&#8217;\u00fanica activitat realitzada era el &hellip;<\/p>\n","protected":false},"author":1,"featured_media":0,"parent":0,"menu_order":0,"comment_status":"closed","ping_status":"closed","template":"","meta":{"footnotes":""},"class_list":["post-569","page","type-page","status-publish","hentry"],"yoast_head":"<!-- This site is optimized with the Yoast SEO plugin v26.9 - https:\/\/yoast.com\/product\/yoast-seo-wordpress\/ -->\n<title>Hist\u00f2ria | Quinapa<\/title>\n<meta name=\"robots\" content=\"index, follow, max-snippet:-1, max-image-preview:large, max-video-preview:-1\" \/>\n<link rel=\"canonical\" href=\"https:\/\/www.quinapa.com\/ca\/historia\/\" \/>\n<meta property=\"og:locale\" content=\"ca_ES\" \/>\n<meta property=\"og:type\" content=\"article\" \/>\n<meta property=\"og:title\" content=\"Hist\u00f2ria | Quinapa\" \/>\n<meta property=\"og:description\" content=\"[vc_row][vc_column width=&#8221;1\/1&#8243;][vc_single_image image=&#8221;475&#8243; alignment=&#8221;center&#8221; border_color=&#8221;grey&#8221; img_link_large=&#8221;&#8221; img_link_target=&#8221;_self&#8221; img_size=&#8221;full&#8221;][vc_empty_space height=&#8221;20px&#8221;][vc_column_text] Empresa familiar fundada l&#8217;any 1997 en un local de 80m2 i comptant com maquin\u00e0ria amb nom\u00e9s una polidora i un banc de treball, amb la intenci\u00f3 de processar els excedents de producci\u00f3 d&#8217;una fosa de gravetat a la localitat de Cerdanyola. L&#8217;\u00fanica activitat realitzada era el &hellip;\" \/>\n<meta property=\"og:url\" content=\"https:\/\/www.quinapa.com\/ca\/historia\/\" \/>\n<meta property=\"og:site_name\" content=\"Quinapa\" \/>\n<meta property=\"article:modified_time\" content=\"2015-09-21T11:09:02+00:00\" \/>\n<meta name=\"twitter:label1\" content=\"Temps estimat de lectura\" \/>\n\t<meta name=\"twitter:data1\" content=\"2 minuts\" \/>\n<script type=\"application\/ld+json\" class=\"yoast-schema-graph\">{\"@context\":\"https:\/\/schema.org\",\"@graph\":[{\"@type\":\"WebPage\",\"@id\":\"https:\/\/www.quinapa.com\/ca\/historia\/\",\"url\":\"https:\/\/www.quinapa.com\/ca\/historia\/\",\"name\":\"Hist\u00f2ria | Quinapa\",\"isPartOf\":{\"@id\":\"https:\/\/www.quinapa.com\/ca\/#website\"},\"datePublished\":\"2015-06-22T10:37:34+00:00\",\"dateModified\":\"2015-09-21T11:09:02+00:00\",\"breadcrumb\":{\"@id\":\"https:\/\/www.quinapa.com\/ca\/historia\/#breadcrumb\"},\"inLanguage\":\"ca\",\"potentialAction\":[{\"@type\":\"ReadAction\",\"target\":[\"https:\/\/www.quinapa.com\/ca\/historia\/\"]}]},{\"@type\":\"BreadcrumbList\",\"@id\":\"https:\/\/www.quinapa.com\/ca\/historia\/#breadcrumb\",\"itemListElement\":[{\"@type\":\"ListItem\",\"position\":1,\"name\":\"Portada\",\"item\":\"https:\/\/www.quinapa.com\/ca\/\"},{\"@type\":\"ListItem\",\"position\":2,\"name\":\"Hist\u00f2ria\"}]},{\"@type\":\"WebSite\",\"@id\":\"https:\/\/www.quinapa.com\/ca\/#website\",\"url\":\"https:\/\/www.quinapa.com\/ca\/\",\"name\":\"Quinapa\",\"description\":\"\",\"potentialAction\":[{\"@type\":\"SearchAction\",\"target\":{\"@type\":\"EntryPoint\",\"urlTemplate\":\"https:\/\/www.quinapa.com\/ca\/?s={search_term_string}\"},\"query-input\":{\"@type\":\"PropertyValueSpecification\",\"valueRequired\":true,\"valueName\":\"search_term_string\"}}],\"inLanguage\":\"ca\"}]}<\/script>\n<!-- \/ Yoast SEO plugin. -->","yoast_head_json":{"title":"Hist\u00f2ria | Quinapa","robots":{"index":"index","follow":"follow","max-snippet":"max-snippet:-1","max-image-preview":"max-image-preview:large","max-video-preview":"max-video-preview:-1"},"canonical":"https:\/\/www.quinapa.com\/ca\/historia\/","og_locale":"ca_ES","og_type":"article","og_title":"Hist\u00f2ria | Quinapa","og_description":"[vc_row][vc_column width=&#8221;1\/1&#8243;][vc_single_image image=&#8221;475&#8243; alignment=&#8221;center&#8221; border_color=&#8221;grey&#8221; img_link_large=&#8221;&#8221; img_link_target=&#8221;_self&#8221; img_size=&#8221;full&#8221;][vc_empty_space height=&#8221;20px&#8221;][vc_column_text] Empresa familiar fundada l&#8217;any 1997 en un local de 80m2 i comptant com maquin\u00e0ria amb nom\u00e9s una polidora i un banc de treball, amb la intenci\u00f3 de processar els excedents de producci\u00f3 d&#8217;una fosa de gravetat a la localitat de Cerdanyola. L&#8217;\u00fanica activitat realitzada era el &hellip;","og_url":"https:\/\/www.quinapa.com\/ca\/historia\/","og_site_name":"Quinapa","article_modified_time":"2015-09-21T11:09:02+00:00","twitter_misc":{"Temps estimat de lectura":"2 minuts"},"schema":{"@context":"https:\/\/schema.org","@graph":[{"@type":"WebPage","@id":"https:\/\/www.quinapa.com\/ca\/historia\/","url":"https:\/\/www.quinapa.com\/ca\/historia\/","name":"Hist\u00f2ria | Quinapa","isPartOf":{"@id":"https:\/\/www.quinapa.com\/ca\/#website"},"datePublished":"2015-06-22T10:37:34+00:00","dateModified":"2015-09-21T11:09:02+00:00","breadcrumb":{"@id":"https:\/\/www.quinapa.com\/ca\/historia\/#breadcrumb"},"inLanguage":"ca","potentialAction":[{"@type":"ReadAction","target":["https:\/\/www.quinapa.com\/ca\/historia\/"]}]},{"@type":"BreadcrumbList","@id":"https:\/\/www.quinapa.com\/ca\/historia\/#breadcrumb","itemListElement":[{"@type":"ListItem","position":1,"name":"Portada","item":"https:\/\/www.quinapa.com\/ca\/"},{"@type":"ListItem","position":2,"name":"Hist\u00f2ria"}]},{"@type":"WebSite","@id":"https:\/\/www.quinapa.com\/ca\/#website","url":"https:\/\/www.quinapa.com\/ca\/","name":"Quinapa","description":"","potentialAction":[{"@type":"SearchAction","target":{"@type":"EntryPoint","urlTemplate":"https:\/\/www.quinapa.com\/ca\/?s={search_term_string}"},"query-input":{"@type":"PropertyValueSpecification","valueRequired":true,"valueName":"search_term_string"}}],"inLanguage":"ca"}]}},"_links":{"self":[{"href":"https:\/\/www.quinapa.com\/ca\/wp-json\/wp\/v2\/pages\/569","targetHints":{"allow":["GET"]}}],"collection":[{"href":"https:\/\/www.quinapa.com\/ca\/wp-json\/wp\/v2\/pages"}],"about":[{"href":"https:\/\/www.quinapa.com\/ca\/wp-json\/wp\/v2\/types\/page"}],"author":[{"embeddable":true,"href":"https:\/\/www.quinapa.com\/ca\/wp-json\/wp\/v2\/users\/1"}],"replies":[{"embeddable":true,"href":"https:\/\/www.quinapa.com\/ca\/wp-json\/wp\/v2\/comments?post=569"}],"version-history":[{"count":4,"href":"https:\/\/www.quinapa.com\/ca\/wp-json\/wp\/v2\/pages\/569\/revisions"}],"predecessor-version":[{"id":650,"href":"https:\/\/www.quinapa.com\/ca\/wp-json\/wp\/v2\/pages\/569\/revisions\/650"}],"wp:attachment":[{"href":"https:\/\/www.quinapa.com\/ca\/wp-json\/wp\/v2\/media?parent=569"}],"curies":[{"name":"wp","href":"https:\/\/api.w.org\/{rel}","templated":true}]}}