{"id":564,"date":"2015-06-22T11:31:58","date_gmt":"2015-06-22T10:31:58","guid":{"rendered":"http:\/\/www.quinapa.com\/ca\/?page_id=564"},"modified":"2015-06-29T16:21:33","modified_gmt":"2015-06-29T15:21:33","slug":"granallats-i-sorrejats","status":"publish","type":"page","link":"https:\/\/www.quinapa.com\/ca\/granallats-i-sorrejats\/","title":{"rendered":"Granallats i sorrejats"},"content":{"rendered":"[vc_row full_width=&#8221;&#8221; parallax=&#8221;&#8221; parallax_image=&#8221;&#8221;][vc_column width=&#8221;1\/1&#8243;][vc_single_image image=&#8221;514&#8243; alignment=&#8221;center&#8221; border_color=&#8221;grey&#8221; img_link_large=&#8221;&#8221; img_link_target=&#8221;_self&#8221; img_size=&#8221;full&#8221;][\/vc_column][\/vc_row][vc_row][vc_column width=&#8221;1\/1&#8243;][vc_empty_space height=&#8221;20px&#8221;][vc_column_text]\n<p style=\"text-align: justify;\">El granallat \u00e9s el proc\u00e9s industrial que consisteix en propulsar un abrasiu met\u00e0l\u00b7lic esf\u00e8ric o angular a alta pressi\u00f3 contra una superf\u00edcie per:<\/p>\n<ul style=\"text-align: justify;\">\n<li>Enfortir eliminant tensions generades en la fabricaci\u00f3 (peening)<\/li>\n<li>Netejar (eliminant elements contaminants de fabricaci\u00f3)<\/li>\n<li>Dotar-la d&#8217;una rugositat controlada per facilitar posteriors recobriments de pintura, laques, tefl\u00f3 o vulcanitzat.<\/li>\n<\/ul>\n<p style=\"text-align: justify;\">El tipus i mida de abrasiu utilitzat determina l&#8217;aspecte de la superf\u00edcie final de la pe\u00e7a. La varietat en abrasius \u00e9s \u00e0mplia podent triar entre granallas angulars o esf\u00e8riques de 0,1mm a 0,8 mm de di\u00e0metre i de diverses qualitats en acers i inoxidables podent-nos adaptar a les especificacions dels nostres clients.<\/p>\n[\/vc_column_text][vc_empty_space height=&#8221;10px&#8221;][vc_single_image image=&#8221;515&#8243; alignment=&#8221;center&#8221; border_color=&#8221;grey&#8221; img_link_large=&#8221;&#8221; img_link_target=&#8221;_self&#8221; img_size=&#8221;full&#8221;][vc_empty_space height=&#8221;10px&#8221;][vc_column_text]\n<p style=\"text-align: justify;\">S&#8217;utilitza en la fabricaci\u00f3 de peces met\u00e0l\u00b7liques per a la ind\u00fastria de l&#8217;autom\u00f2bil, construcci\u00f3 de maquin\u00e0ria i b\u00e9ns d&#8217;equip, ferrocarril i aeron\u00e0utica.<\/p>\n<p style=\"text-align: justify;\">A\u00a0<strong>quinapa<\/strong>, per poder adaptar-nos a la forma, mida i acabat de les peces a processar, disposem de la seg\u00fcent maquin\u00e0ria:<\/p>\n<ul>\n<li style=\"text-align: justify;\">Tres granalladores de Tap\u00eds per al granallat de peces a granel.<\/li>\n<li style=\"text-align: justify;\">Dos granalladores de Bastidor per al granallat de peces en est\u00e0tic evitant el contacte entre elles.<\/li>\n<\/ul>\n[\/vc_column_text][\/vc_column][\/vc_row]\n","protected":false},"excerpt":{"rendered":"<p>[vc_row full_width=&#8221;&#8221; parallax=&#8221;&#8221; parallax_image=&#8221;&#8221;][vc_column width=&#8221;1\/1&#8243;][vc_single_image image=&#8221;514&#8243; alignment=&#8221;center&#8221; border_color=&#8221;grey&#8221; img_link_large=&#8221;&#8221; img_link_target=&#8221;_self&#8221; img_size=&#8221;full&#8221;][\/vc_column][\/vc_row][vc_row][vc_column width=&#8221;1\/1&#8243;][vc_empty_space height=&#8221;20px&#8221;][vc_column_text] El granallat \u00e9s el proc\u00e9s industrial que consisteix en propulsar un abrasiu met\u00e0l\u00b7lic esf\u00e8ric o angular a alta pressi\u00f3 contra una superf\u00edcie per: Enfortir eliminant tensions generades en la fabricaci\u00f3 (peening) Netejar (eliminant elements contaminants de fabricaci\u00f3) Dotar-la d&#8217;una rugositat controlada per &hellip;<\/p>\n","protected":false},"author":1,"featured_media":0,"parent":0,"menu_order":0,"comment_status":"closed","ping_status":"closed","template":"","meta":{"footnotes":""},"class_list":["post-564","page","type-page","status-publish","hentry"],"yoast_head":"<!-- This site is optimized with the Yoast SEO plugin v26.9 - https:\/\/yoast.com\/product\/yoast-seo-wordpress\/ -->\n<title>Granallats i sorrejats d&#039;alumini i altres metalls<\/title>\n<meta name=\"description\" content=\"Quinapa ofereix serveis de granallats i sorrejats d&#039;alumini i altres metalls, garantint els millors resultats al millor preu.\" \/>\n<meta name=\"robots\" content=\"index, follow, max-snippet:-1, max-image-preview:large, max-video-preview:-1\" \/>\n<link rel=\"canonical\" href=\"https:\/\/www.quinapa.com\/ca\/granallats-i-sorrejats\/\" \/>\n<meta property=\"og:locale\" content=\"ca_ES\" \/>\n<meta property=\"og:type\" content=\"article\" \/>\n<meta property=\"og:title\" content=\"Granallats i sorrejats d&#039;alumini i altres metalls\" \/>\n<meta property=\"og:description\" content=\"Quinapa ofereix serveis de granallats i sorrejats d&#039;alumini i altres metalls, garantint els millors resultats al millor preu.\" \/>\n<meta property=\"og:url\" content=\"https:\/\/www.quinapa.com\/ca\/granallats-i-sorrejats\/\" \/>\n<meta property=\"og:site_name\" content=\"Quinapa\" \/>\n<meta property=\"article:modified_time\" content=\"2015-06-29T15:21:33+00:00\" \/>\n<meta name=\"twitter:label1\" content=\"Temps estimat de lectura\" \/>\n\t<meta name=\"twitter:data1\" content=\"1 minut\" \/>\n<script type=\"application\/ld+json\" class=\"yoast-schema-graph\">{\"@context\":\"https:\/\/schema.org\",\"@graph\":[{\"@type\":\"WebPage\",\"@id\":\"https:\/\/www.quinapa.com\/ca\/granallats-i-sorrejats\/\",\"url\":\"https:\/\/www.quinapa.com\/ca\/granallats-i-sorrejats\/\",\"name\":\"Granallats i sorrejats d'alumini i altres metalls\",\"isPartOf\":{\"@id\":\"https:\/\/www.quinapa.com\/ca\/#website\"},\"datePublished\":\"2015-06-22T10:31:58+00:00\",\"dateModified\":\"2015-06-29T15:21:33+00:00\",\"description\":\"Quinapa ofereix serveis de granallats i sorrejats d'alumini i altres metalls, garantint els millors resultats al millor preu.\",\"breadcrumb\":{\"@id\":\"https:\/\/www.quinapa.com\/ca\/granallats-i-sorrejats\/#breadcrumb\"},\"inLanguage\":\"ca\",\"potentialAction\":[{\"@type\":\"ReadAction\",\"target\":[\"https:\/\/www.quinapa.com\/ca\/granallats-i-sorrejats\/\"]}]},{\"@type\":\"BreadcrumbList\",\"@id\":\"https:\/\/www.quinapa.com\/ca\/granallats-i-sorrejats\/#breadcrumb\",\"itemListElement\":[{\"@type\":\"ListItem\",\"position\":1,\"name\":\"Portada\",\"item\":\"https:\/\/www.quinapa.com\/ca\/\"},{\"@type\":\"ListItem\",\"position\":2,\"name\":\"Granallats i sorrejats\"}]},{\"@type\":\"WebSite\",\"@id\":\"https:\/\/www.quinapa.com\/ca\/#website\",\"url\":\"https:\/\/www.quinapa.com\/ca\/\",\"name\":\"Quinapa\",\"description\":\"\",\"potentialAction\":[{\"@type\":\"SearchAction\",\"target\":{\"@type\":\"EntryPoint\",\"urlTemplate\":\"https:\/\/www.quinapa.com\/ca\/?s={search_term_string}\"},\"query-input\":{\"@type\":\"PropertyValueSpecification\",\"valueRequired\":true,\"valueName\":\"search_term_string\"}}],\"inLanguage\":\"ca\"}]}<\/script>\n<!-- \/ Yoast SEO plugin. -->","yoast_head_json":{"title":"Granallats i sorrejats d'alumini i altres metalls","description":"Quinapa ofereix serveis de granallats i sorrejats d'alumini i altres metalls, garantint els millors resultats al millor preu.","robots":{"index":"index","follow":"follow","max-snippet":"max-snippet:-1","max-image-preview":"max-image-preview:large","max-video-preview":"max-video-preview:-1"},"canonical":"https:\/\/www.quinapa.com\/ca\/granallats-i-sorrejats\/","og_locale":"ca_ES","og_type":"article","og_title":"Granallats i sorrejats d'alumini i altres metalls","og_description":"Quinapa ofereix serveis de granallats i sorrejats d'alumini i altres metalls, garantint els millors resultats al millor preu.","og_url":"https:\/\/www.quinapa.com\/ca\/granallats-i-sorrejats\/","og_site_name":"Quinapa","article_modified_time":"2015-06-29T15:21:33+00:00","twitter_misc":{"Temps estimat de lectura":"1 minut"},"schema":{"@context":"https:\/\/schema.org","@graph":[{"@type":"WebPage","@id":"https:\/\/www.quinapa.com\/ca\/granallats-i-sorrejats\/","url":"https:\/\/www.quinapa.com\/ca\/granallats-i-sorrejats\/","name":"Granallats i sorrejats d'alumini i altres metalls","isPartOf":{"@id":"https:\/\/www.quinapa.com\/ca\/#website"},"datePublished":"2015-06-22T10:31:58+00:00","dateModified":"2015-06-29T15:21:33+00:00","description":"Quinapa ofereix serveis de granallats i sorrejats d'alumini i altres metalls, garantint els millors resultats al millor preu.","breadcrumb":{"@id":"https:\/\/www.quinapa.com\/ca\/granallats-i-sorrejats\/#breadcrumb"},"inLanguage":"ca","potentialAction":[{"@type":"ReadAction","target":["https:\/\/www.quinapa.com\/ca\/granallats-i-sorrejats\/"]}]},{"@type":"BreadcrumbList","@id":"https:\/\/www.quinapa.com\/ca\/granallats-i-sorrejats\/#breadcrumb","itemListElement":[{"@type":"ListItem","position":1,"name":"Portada","item":"https:\/\/www.quinapa.com\/ca\/"},{"@type":"ListItem","position":2,"name":"Granallats i sorrejats"}]},{"@type":"WebSite","@id":"https:\/\/www.quinapa.com\/ca\/#website","url":"https:\/\/www.quinapa.com\/ca\/","name":"Quinapa","description":"","potentialAction":[{"@type":"SearchAction","target":{"@type":"EntryPoint","urlTemplate":"https:\/\/www.quinapa.com\/ca\/?s={search_term_string}"},"query-input":{"@type":"PropertyValueSpecification","valueRequired":true,"valueName":"search_term_string"}}],"inLanguage":"ca"}]}},"_links":{"self":[{"href":"https:\/\/www.quinapa.com\/ca\/wp-json\/wp\/v2\/pages\/564","targetHints":{"allow":["GET"]}}],"collection":[{"href":"https:\/\/www.quinapa.com\/ca\/wp-json\/wp\/v2\/pages"}],"about":[{"href":"https:\/\/www.quinapa.com\/ca\/wp-json\/wp\/v2\/types\/page"}],"author":[{"embeddable":true,"href":"https:\/\/www.quinapa.com\/ca\/wp-json\/wp\/v2\/users\/1"}],"replies":[{"embeddable":true,"href":"https:\/\/www.quinapa.com\/ca\/wp-json\/wp\/v2\/comments?post=564"}],"version-history":[{"count":5,"href":"https:\/\/www.quinapa.com\/ca\/wp-json\/wp\/v2\/pages\/564\/revisions"}],"predecessor-version":[{"id":619,"href":"https:\/\/www.quinapa.com\/ca\/wp-json\/wp\/v2\/pages\/564\/revisions\/619"}],"wp:attachment":[{"href":"https:\/\/www.quinapa.com\/ca\/wp-json\/wp\/v2\/media?parent=564"}],"curies":[{"name":"wp","href":"https:\/\/api.w.org\/{rel}","templated":true}]}}