{"id":557,"date":"2015-06-22T10:51:13","date_gmt":"2015-06-22T09:51:13","guid":{"rendered":"http:\/\/www.quinapa.com\/ca\/?page_id=557"},"modified":"2015-09-21T12:07:00","modified_gmt":"2015-09-21T11:07:00","slug":"inicio","status":"publish","type":"page","link":"https:\/\/www.quinapa.com\/ca\/","title":{"rendered":"Inici"},"content":{"rendered":"[vc_row full_width=&#8221;&#8221; parallax=&#8221;&#8221; parallax_image=&#8221;&#8221;][vc_column width=&#8221;1\/4&#8243;][vc_empty_space height=&#8221;50px&#8221;][vc_single_image image=&#8221;548&#8243; alignment=&#8221;center&#8221; border_color=&#8221;grey&#8221; img_link_large=&#8221;&#8221; img_link_target=&#8221;_blank&#8221; img_size=&#8221;full&#8221; link=&#8221;http:\/\/www.quinapa.com\/tratamientos-termicos-del-aluminio\/&#8221;][vc_custom_heading text=&#8221;TRACTAMENTS T\u00c8RMICS&#8221; font_container=&#8221;tag:p|font_size:16|text_align:center&#8221; google_fonts=&#8221;font_family:Montserrat%3Aregular%2C700|font_style:700%20bold%20regular%3A700%3Anormal&#8221;][vc_column_text]\n<p style=\"text-align: justify;\">Som especialistes en el tractament t\u00e8rmic de l&#8217;alumini. Els nostres forns de soluci\u00f3 i maduraci\u00f3 artificial garanteixen sempre el millor dels resultats.<\/p>\n[\/vc_column_text][\/vc_column][vc_column width=&#8221;1\/4&#8243;][vc_empty_space height=&#8221;50px&#8221;][vc_single_image image=&#8221;549&#8243; alignment=&#8221;center&#8221; border_color=&#8221;grey&#8221; img_link_large=&#8221;&#8221; img_link_target=&#8221;_blank&#8221; img_size=&#8221;full&#8221; link=&#8221;http:\/\/www.quinapa.com\/tratamientos-termicos\/&#8221;][vc_custom_heading text=&#8221;ACABATS SUPERFICIALS&#8221; font_container=&#8221;tag:p|font_size:16|text_align:center&#8221; google_fonts=&#8221;font_family:Montserrat%3Aregular%2C700|font_style:700%20bold%20regular%3A700%3Anormal&#8221;][vc_column_text]\n<p style=\"text-align: justify;\">Comptem amb anys d&#8217;experi\u00e8ncia en el tractament de tot tipus de metalls. Consulteu-nos per resoldre qualsevol dubte que tingui amb algun material en concret.<\/p>\n[\/vc_column_text][\/vc_column][vc_column width=&#8221;1\/4&#8243;][vc_empty_space height=&#8221;50px&#8221;][vc_single_image image=&#8221;550&#8243; alignment=&#8221;center&#8221; border_color=&#8221;grey&#8221; img_link_large=&#8221;&#8221; img_link_target=&#8221;_blank&#8221; img_size=&#8221;full&#8221; link=&#8221;http:\/\/www.quinapa.com\/procesos-combinados\/&#8221;][vc_custom_heading text=&#8221;PROCESSOS COMBINATS&#8221; font_container=&#8221;tag:p|font_size:16|text_align:center&#8221; google_fonts=&#8221;font_family:Montserrat%3Aregular%2C700|font_style:700%20bold%20regular%3A700%3Anormal&#8221;][vc_column_text]\n<p style=\"text-align: justify;\">El nostre factor diferencial \u00e9s la gesti\u00f3 dels diferents processos que requereixi l&#8217;enc\u00e0rrec. Ens encarreguem de tot, lliurant el producte final en la ubicaci\u00f3 escollida.<\/p>\n[\/vc_column_text][\/vc_column][vc_column width=&#8221;1\/4&#8243;][vc_empty_space height=&#8221;50px&#8221;][vc_single_image image=&#8221;458&#8243; alignment=&#8221;center&#8221; border_color=&#8221;grey&#8221; img_link_large=&#8221;&#8221; img_link_target=&#8221;_blank&#8221; img_size=&#8221;full&#8221; link=&#8221;http:\/\/www.quinapa.com\/blog\/&#8221;][vc_custom_heading text=&#8221;BLOC T\u00c8CNIC&#8221; font_container=&#8221;tag:p|font_size:16|text_align:center&#8221; google_fonts=&#8221;font_family:Montserrat%3Aregular%2C700|font_style:700%20bold%20regular%3A700%3Anormal&#8221;][vc_column_text]\n<p>Per estar informat en tot moment de les \u00faltimes not\u00edcies i novetats del sector gr\u00e0cies a les actualitzacions i articles del nostre blog t\u00e8cnic.<\/p>\n[\/vc_column_text][\/vc_column][\/vc_row][vc_row full_width=&#8221;&#8221; parallax=&#8221;&#8221; parallax_image=&#8221;&#8221;][vc_column width=&#8221;1\/1&#8243;][vc_empty_space height=&#8221;15px&#8221;][vc_cta h2=&#8221;Contacti avui i descobreixi els avantatges dels nostres serveis&#8221; h2_google_fonts=&#8221;font_family:Abril%20Fatface%3Aregular|font_style:400%20regular%3A400%3Anormal&#8221; h4=&#8221;Estalvi\u00ef temps, esfor\u00e7 i diners gr\u00e0cies als nostres processos combinats&#8221; h4_google_fonts=&#8221;font_family:Abril%20Fatface%3Aregular|font_style:400%20regular%3A400%3Anormal&#8221; txt_align=&#8221;center&#8221; shape=&#8221;square&#8221; style=&#8221;classic&#8221; color=&#8221;classic&#8221; btn_title=&#8221;Contactar&#8221; btn_style=&#8221;flat&#8221; btn_shape=&#8221;square&#8221; btn_color=&#8221;black&#8221; btn_size=&#8221;lg&#8221; btn_align=&#8221;center&#8221; btn_i_align=&#8221;left&#8221; btn_i_type=&#8221;fontawesome&#8221; btn_i_icon_fontawesome=&#8221;fa fa-adjust&#8221; btn_i_icon_openiconic=&#8221;vc-oi vc-oi-dial&#8221; btn_i_icon_typicons=&#8221;typcn typcn-adjust-brightness&#8221; btn_i_icon_entypo=&#8221;entypo-icon entypo-icon-note&#8221; btn_i_icon_linecons=&#8221;vc_li vc_li-heart&#8221; i_type=&#8221;fontawesome&#8221; i_icon_fontawesome=&#8221;fa fa-adjust&#8221; i_icon_openiconic=&#8221;vc-oi vc-oi-dial&#8221; i_icon_typicons=&#8221;typcn typcn-adjust-brightness&#8221; i_icon_entypo=&#8221;entypo-icon entypo-icon-note&#8221; i_icon_linecons=&#8221;vc_li vc_li-heart&#8221; i_color=&#8221;blue&#8221; i_background_color=&#8221;grey&#8221; i_size=&#8221;md&#8221; use_custom_fonts_h2=&#8221;&#8221; use_custom_fonts_h4=&#8221;&#8221; btn_button_block=&#8221;&#8221; btn_add_icon=&#8221;&#8221; btn_i_icon_pixelicons=&#8221;vc_pixel_icon vc_pixel_icon-alert&#8221; i_on_border=&#8221;&#8221; add_button=&#8221;bottom&#8221; btn_link=&#8221;url:http%3A%2F%2Fwww.quinapa.com%2Fca%2Fcontacte%2F||target:%20_blank&#8221;]\n[\/vc_cta][vc_single_image image=&#8221;552&#8243; alignment=&#8221;center&#8221; border_color=&#8221;grey&#8221; img_link_large=&#8221;&#8221; img_link_target=&#8221;_self&#8221; img_size=&#8221;full&#8221;][vc_empty_space height=&#8221;3px&#8221;][vc_column_text]\n<h1 style=\"text-align: center;\">Quinapa, experts en tractaments de l&#8217;alumini<\/h1>\n[\/vc_column_text][vc_empty_space height=&#8221;15px&#8221;][vc_column_text]\n<p style=\"text-align: justify;\">En Quinapa entenem que el temps dels nostres clients val, respectem les seves exig\u00e8ncies i valorem el seu desig de qualitat, per aix\u00f2 oferim un servei d&#8217;excel\u00b7l\u00e8ncia amb les millors solucions en tractaments de l&#8217;alumini que garanteixen la realitzaci\u00f3 d&#8217;un treball de qualitat i adaptat a la perfecci\u00f3 a les exig\u00e8ncies de cadascuna de les ind\u00fastries amb les que col\u00b7laborem.<\/p>\n<p style=\"text-align: justify;\">Amb m\u00e9s de 15 anys d&#8217;experi\u00e8ncia som especialistes en <a href=\"http:\/\/www.quinapa.com\/ca\/tractaments-termics-de-lalumini\/\" target=\"blank_\">tractaments t\u00e8rmics<\/a> i acabats superficials i mec\u00e0nics en un gran nombre de peces industrials d&#8217;alumini, treballant majorit\u00e0riament per a la ind\u00fastria automotriu i de la motocicleta, per a f\u00e0briques en qu\u00e8 es construeix maquin\u00e0ria, mobles, elements decoratius o mec\u00e0nica industrial i totes aquelles empreses dedicades a la fosa, forja, estampaci\u00f3 i acabats sobre peces met\u00e0l\u00b7liques i decolletatge.<\/p>\n<p style=\"text-align: justify;\">En Quinapa no nom\u00e9s oferim un servei oport\u00fa i dedicat als nostres clients, complint amb les seves exig\u00e8ncies en els m\u00e9s \u00f2ptims temps de lliurament, sin\u00f3 que a m\u00e9s estem certificats amb la norma UNE EN ISO 9001-2008 des de l&#8217;any 2002, el que demostra que cada una de les activitats que realitzem s&#8217;adequa a la perfecci\u00f3 a la normativa i les exig\u00e8ncies d&#8217;aquest competit sector.<\/p>\n<p style=\"text-align: justify;\">Oferim els m\u00e9s amplis serveis per al tractament de l&#8217;alumini amb treballs de <a href=\"http:\/\/www.quinapa.com\/ca\/serrats\/\" target=\"blank_\">serrat de peces met\u00e0l\u00b7liques<\/a>, <a href=\"http:\/\/www.quinapa.com\/ca\/polits-escatats-i-desbarrades\/\" target=\"blank_\">polits<\/a>, cintejats i desbarbats, tractaments t\u00e8rmics, <a href=\"http:\/\/www.quinapa.com\/ca\/vibrats-i-abrillantats\/\" target=\"blank_\">vibrats i abrillantats<\/a>, <a href=\"http:\/\/www.quinapa.com\/ca\/granallats-i-sorrejats\/\" target=\"blank_\">sorrejats i granallats<\/a>, transport de tot tipus de peces realitzades en qu\u00e8 s&#8217;inclouen la recollida i lliurament de material aix\u00ed com serveis personalitzats adaptats a cada client.<\/p>\n<p style=\"text-align: justify;\">Aquesta empresa familiar fundada el 1997 compta amb una filosofia clara: oferir als nostres clients un <a href=\"http:\/\/www.quinapa.com\/ca\/processos-combinats\/\" target=\"blank_\">servei complet i integral en tractaments de l&#8217;alumini<\/a> que els permeti estalviar en costos i temps sense sacrificar la qualitat del resultat final. Estem compromesos amb cada projecte per aix\u00f2 els nostres professionals treballen amb dedicaci\u00f3 atenent els dubtes dels nostres clients i comprenent cadascuna de les seves exig\u00e8ncies, nom\u00e9s d&#8217;aquesta manera aconseguim oferir temps de lliurament reals en qu\u00e8 garantim els millors resultats per a la satisfacci\u00f3 de tots els usuaris de les peces d&#8217;alumini amb les que treballem, ja siguin intermediaris o clients finals.<\/p>\n<p style=\"text-align: justify;\">Oferim els millors acabats per a peces d&#8217;alumini, realitzats amb dedicaci\u00f3, amb professionalitat i sota el compliment de la normativa, el que ens permet assegurar que el treball de Quinapa \u00e9s un treball en el qual la qualitat i l&#8217;excel\u00b7l\u00e8ncia s\u00f3n les metes finals.<br \/>\nDescobreix tots els nostres serveis i acabats i suma&#8217;t a la llista de clients satisfets que han treballat al nostre costat.<\/p>\n[\/vc_column_text][\/vc_column][\/vc_row]\n","protected":false},"excerpt":{"rendered":"<p>[vc_row full_width=&#8221;&#8221; parallax=&#8221;&#8221; parallax_image=&#8221;&#8221;][vc_column width=&#8221;1\/4&#8243;][vc_empty_space height=&#8221;50px&#8221;][vc_single_image image=&#8221;548&#8243; alignment=&#8221;center&#8221; border_color=&#8221;grey&#8221; img_link_large=&#8221;&#8221; img_link_target=&#8221;_blank&#8221; img_size=&#8221;full&#8221; link=&#8221;http:\/\/www.quinapa.com\/tratamientos-termicos-del-aluminio\/&#8221;][vc_custom_heading text=&#8221;TRACTAMENTS T\u00c8RMICS&#8221; font_container=&#8221;tag:p|font_size:16|text_align:center&#8221; google_fonts=&#8221;font_family:Montserrat%3Aregular%2C700|font_style:700%20bold%20regular%3A700%3Anormal&#8221;][vc_column_text] Som especialistes en el tractament t\u00e8rmic de l&#8217;alumini. Els nostres forns de soluci\u00f3 i maduraci\u00f3 artificial garanteixen sempre el millor dels resultats. [\/vc_column_text][\/vc_column][vc_column width=&#8221;1\/4&#8243;][vc_empty_space height=&#8221;50px&#8221;][vc_single_image image=&#8221;549&#8243; alignment=&#8221;center&#8221; border_color=&#8221;grey&#8221; img_link_large=&#8221;&#8221; img_link_target=&#8221;_blank&#8221; img_size=&#8221;full&#8221; link=&#8221;http:\/\/www.quinapa.com\/tratamientos-termicos\/&#8221;][vc_custom_heading text=&#8221;ACABATS SUPERFICIALS&#8221; font_container=&#8221;tag:p|font_size:16|text_align:center&#8221; google_fonts=&#8221;font_family:Montserrat%3Aregular%2C700|font_style:700%20bold%20regular%3A700%3Anormal&#8221;][vc_column_text] Comptem amb &hellip;<\/p>\n","protected":false},"author":1,"featured_media":0,"parent":0,"menu_order":0,"comment_status":"closed","ping_status":"closed","template":"template-front-page-slider.php","meta":{"footnotes":""},"class_list":["post-557","page","type-page","status-publish","hentry"],"yoast_head":"<!-- This site is optimized with the Yoast SEO plugin v26.9 - https:\/\/yoast.com\/product\/yoast-seo-wordpress\/ -->\n<title>Tractaments t\u00e8rmics de l&#039;alumini i altres metalls | Quinapa<\/title>\n<meta name=\"description\" content=\"Quinapa ofereix serveis de tractaments t\u00e8rmics d&#039;alumini i altres metalls, garantint els millors resultats al millor preu.\" \/>\n<meta name=\"robots\" content=\"index, follow, max-snippet:-1, max-image-preview:large, max-video-preview:-1\" \/>\n<link rel=\"canonical\" href=\"https:\/\/www.quinapa.com\/ca\/\" \/>\n<meta property=\"og:locale\" content=\"ca_ES\" \/>\n<meta property=\"og:type\" content=\"article\" \/>\n<meta property=\"og:title\" content=\"Tractaments t\u00e8rmics de l&#039;alumini i altres metalls | Quinapa\" \/>\n<meta property=\"og:description\" content=\"Quinapa ofereix serveis de tractaments t\u00e8rmics d&#039;alumini i altres metalls, garantint els millors resultats al millor preu.\" \/>\n<meta property=\"og:url\" content=\"https:\/\/www.quinapa.com\/ca\/\" \/>\n<meta property=\"og:site_name\" content=\"Quinapa\" \/>\n<meta property=\"article:modified_time\" content=\"2015-09-21T11:07:00+00:00\" \/>\n<meta name=\"twitter:label1\" content=\"Temps estimat de lectura\" \/>\n\t<meta name=\"twitter:data1\" content=\"5 minuts\" \/>\n<script type=\"application\/ld+json\" class=\"yoast-schema-graph\">{\"@context\":\"https:\/\/schema.org\",\"@graph\":[{\"@type\":\"WebPage\",\"@id\":\"https:\/\/www.quinapa.com\/ca\/\",\"url\":\"https:\/\/www.quinapa.com\/ca\/\",\"name\":\"Tractaments t\u00e8rmics de l'alumini i altres metalls | Quinapa\",\"isPartOf\":{\"@id\":\"https:\/\/www.quinapa.com\/ca\/#website\"},\"datePublished\":\"2015-06-22T09:51:13+00:00\",\"dateModified\":\"2015-09-21T11:07:00+00:00\",\"description\":\"Quinapa ofereix serveis de tractaments t\u00e8rmics d'alumini i altres metalls, garantint els millors resultats al millor preu.\",\"breadcrumb\":{\"@id\":\"https:\/\/www.quinapa.com\/ca\/#breadcrumb\"},\"inLanguage\":\"ca\",\"potentialAction\":[{\"@type\":\"ReadAction\",\"target\":[\"https:\/\/www.quinapa.com\/ca\/\"]}]},{\"@type\":\"BreadcrumbList\",\"@id\":\"https:\/\/www.quinapa.com\/ca\/#breadcrumb\",\"itemListElement\":[{\"@type\":\"ListItem\",\"position\":1,\"name\":\"Portada\",\"item\":\"https:\/\/www.quinapa.com\/ca\/\"},{\"@type\":\"ListItem\",\"position\":2,\"name\":\"Inici\"}]},{\"@type\":\"WebSite\",\"@id\":\"https:\/\/www.quinapa.com\/ca\/#website\",\"url\":\"https:\/\/www.quinapa.com\/ca\/\",\"name\":\"Quinapa\",\"description\":\"\",\"potentialAction\":[{\"@type\":\"SearchAction\",\"target\":{\"@type\":\"EntryPoint\",\"urlTemplate\":\"https:\/\/www.quinapa.com\/ca\/?s={search_term_string}\"},\"query-input\":{\"@type\":\"PropertyValueSpecification\",\"valueRequired\":true,\"valueName\":\"search_term_string\"}}],\"inLanguage\":\"ca\"}]}<\/script>\n<!-- \/ Yoast SEO plugin. -->","yoast_head_json":{"title":"Tractaments t\u00e8rmics de l'alumini i altres metalls | Quinapa","description":"Quinapa ofereix serveis de tractaments t\u00e8rmics d'alumini i altres metalls, garantint els millors resultats al millor preu.","robots":{"index":"index","follow":"follow","max-snippet":"max-snippet:-1","max-image-preview":"max-image-preview:large","max-video-preview":"max-video-preview:-1"},"canonical":"https:\/\/www.quinapa.com\/ca\/","og_locale":"ca_ES","og_type":"article","og_title":"Tractaments t\u00e8rmics de l'alumini i altres metalls | Quinapa","og_description":"Quinapa ofereix serveis de tractaments t\u00e8rmics d'alumini i altres metalls, garantint els millors resultats al millor preu.","og_url":"https:\/\/www.quinapa.com\/ca\/","og_site_name":"Quinapa","article_modified_time":"2015-09-21T11:07:00+00:00","twitter_misc":{"Temps estimat de lectura":"5 minuts"},"schema":{"@context":"https:\/\/schema.org","@graph":[{"@type":"WebPage","@id":"https:\/\/www.quinapa.com\/ca\/","url":"https:\/\/www.quinapa.com\/ca\/","name":"Tractaments t\u00e8rmics de l'alumini i altres metalls | Quinapa","isPartOf":{"@id":"https:\/\/www.quinapa.com\/ca\/#website"},"datePublished":"2015-06-22T09:51:13+00:00","dateModified":"2015-09-21T11:07:00+00:00","description":"Quinapa ofereix serveis de tractaments t\u00e8rmics d'alumini i altres metalls, garantint els millors resultats al millor preu.","breadcrumb":{"@id":"https:\/\/www.quinapa.com\/ca\/#breadcrumb"},"inLanguage":"ca","potentialAction":[{"@type":"ReadAction","target":["https:\/\/www.quinapa.com\/ca\/"]}]},{"@type":"BreadcrumbList","@id":"https:\/\/www.quinapa.com\/ca\/#breadcrumb","itemListElement":[{"@type":"ListItem","position":1,"name":"Portada","item":"https:\/\/www.quinapa.com\/ca\/"},{"@type":"ListItem","position":2,"name":"Inici"}]},{"@type":"WebSite","@id":"https:\/\/www.quinapa.com\/ca\/#website","url":"https:\/\/www.quinapa.com\/ca\/","name":"Quinapa","description":"","potentialAction":[{"@type":"SearchAction","target":{"@type":"EntryPoint","urlTemplate":"https:\/\/www.quinapa.com\/ca\/?s={search_term_string}"},"query-input":{"@type":"PropertyValueSpecification","valueRequired":true,"valueName":"search_term_string"}}],"inLanguage":"ca"}]}},"_links":{"self":[{"href":"https:\/\/www.quinapa.com\/ca\/wp-json\/wp\/v2\/pages\/557","targetHints":{"allow":["GET"]}}],"collection":[{"href":"https:\/\/www.quinapa.com\/ca\/wp-json\/wp\/v2\/pages"}],"about":[{"href":"https:\/\/www.quinapa.com\/ca\/wp-json\/wp\/v2\/types\/page"}],"author":[{"embeddable":true,"href":"https:\/\/www.quinapa.com\/ca\/wp-json\/wp\/v2\/users\/1"}],"replies":[{"embeddable":true,"href":"https:\/\/www.quinapa.com\/ca\/wp-json\/wp\/v2\/comments?post=557"}],"version-history":[{"count":9,"href":"https:\/\/www.quinapa.com\/ca\/wp-json\/wp\/v2\/pages\/557\/revisions"}],"predecessor-version":[{"id":648,"href":"https:\/\/www.quinapa.com\/ca\/wp-json\/wp\/v2\/pages\/557\/revisions\/648"}],"wp:attachment":[{"href":"https:\/\/www.quinapa.com\/ca\/wp-json\/wp\/v2\/media?parent=557"}],"curies":[{"name":"wp","href":"https:\/\/api.w.org\/{rel}","templated":true}]}}